{"id":162,"date":"2024-01-02T10:18:53","date_gmt":"2024-01-02T07:18:53","guid":{"rendered":"https:\/\/ofistoptan.com\/?post_type=product&#038;p=162"},"modified":"2024-03-02T09:56:06","modified_gmt":"2024-03-02T06:56:06","slug":"luks-derili-makam-takimi","status":"publish","type":"product","link":"https:\/\/ofistoptan.com\/?product=luks-derili-makam-takimi","title":{"rendered":"L\u00fcks Derili Makam Tak\u0131m\u0131"},"content":{"rendered":"<h2><strong>L\u00fcks Derili Makam Tak\u0131m\u0131 <\/strong><\/h2>\n<p><strong>L\u00fcks Derili Makam Tak\u0131m\u0131: Mobilyalarla \u015eekillenen \u00d6zel D\u00fcnyalar<\/strong><\/p>\n<p>Evimiz ve i\u015f yerimiz, sadece duvarlar aras\u0131nda bulunan fiziksel alanlar de\u011fil. Ayn\u0131 zamanda i\u00e7inde ya\u015fayanlar\u0131n an\u0131lar\u0131n\u0131 ve estetik tercihlerini yans\u0131tan \u00f6zel d\u00fcnyalard\u0131r. Bu d\u00fcnyalar\u0131 \u015fekillendiren en \u00f6nemli unsurlardan biri, mobilya se\u00e7imidir.<\/p>\n<p><strong>Deri Mobilyalar: Ge\u00e7mi\u015fin \u0130zlerini Ta\u015f\u0131yan Hikaye Kitaplar\u0131<\/strong><\/p>\n<p>Derili, l\u00fcks ve makam tak\u0131mlar\u0131 yaln\u0131zca e\u015fya olmamakla beraber, ayn\u0131 \u015fekilde i\u00e7 mekanlar\u0131m\u0131za katt\u0131klar\u0131 anlam ve estetikle birer ya\u015fam arkada\u015f\u0131d\u0131r. <a href=\"https:\/\/www.palmiyekocak.com\/ahsap-sandalye\/torna-ayakli-kahverengi-deri-dosemeli-oymali-klasik-ahsap-sandalye-ksa106?search=deri\">Deri mobilyalar<\/a>, sadece oturma alanlar\u0131 de\u011fil, ayn\u0131 zamanda ge\u00e7mi\u015fin izlerini ta\u015f\u0131yan\u00a0 hikaye kitab\u0131d\u0131r. Derinin yumu\u015fak dokusu ve zaman i\u00e7indeki renk de\u011fi\u015fimi, her bir mobilya par\u00e7as\u0131na ge\u00e7mi\u015fte ya\u015fanm\u0131\u015f bir an\u0131 kazand\u0131r\u0131r.<\/p>\n<h3><strong>L\u00fcks Konfor: Estetik \u015e\u00f6len Mekanlar\u0131<\/strong><\/h3>\n<p>L\u00fcks konfor, mekanlara bir nevi estetik bir \u015f\u00f6len getirir. Mobilyalardaki \u00f6zel detaylar, kullan\u0131lan detaylardaki \u00f6zen ve el eme\u011fi, <a href=\"https:\/\/ofistoptan.com\/?product=luks-karamel-ofis-takimi\">l\u00fcks tak\u0131mlar\u0131<\/a> sadece konforlu oturma yerleri \u00f6tesinde, i\u00e7inde ya\u015fayanlar\u0131n zevkini ve ya\u015fam tarz\u0131n\u0131 yans\u0131tan birer sanat eseri haline getirir. Bu par\u00e7alar, sadece g\u00fczellikleriyle de\u011fil, ayn\u0131 zamanda evimizin veya i\u015f yerimizin karakterini yans\u0131tan birer sanat objesi olarak da kullan\u0131labilir.<\/p>\n<p><strong>Makam Tak\u0131mlar\u0131: \u0130\u015f Ortamlar\u0131n\u0131 De\u011fi\u015ftiren Sanat Eserleri<\/strong><\/p>\n<p>Makam tak\u0131mlar\u0131, \u00e7al\u0131\u015fma alanlar\u0131n\u0131n sadece mobilyalar\u0131 olmaktan \u00e7\u0131kar. Ergonomik tasar\u0131mlar, estetik \u00fcr\u00fcnler ve iyile\u015ftirme ile bu tak\u0131mlar, sadece bir masa ve sandalye grubunun \u00f6tesinde. \u0130\u00e7inde \u00e7al\u0131\u015fan ki\u015finin motivasyonunu ve ba\u015far\u0131 yolunu de\u011fi\u015ftiren bir i\u015f ortam\u0131 haline gelir. \u00c7al\u0131\u015fma masas\u0131, sadece bir masa de\u011fil, ayn\u0131 zamanda \u00e7al\u0131\u015fanlar\u0131n kendi ba\u015far\u0131 yolculu\u011funun bir sembol\u00fcd\u00fcr.<\/p>\n<p><strong>Ev ve \u0130\u015f Yerimiz: Sanat Galerisine D\u00f6n\u00fc\u015fen Ya\u015fam Alanlar\u0131<\/strong><\/p>\n<p>Bu \u00fc\u00e7 unsurun birle\u015fimiyle, evimiz veya i\u015f yerimiz sadece bir mekan olmaktan \u00e7\u0131kar. \u0130\u00e7inde ya\u015fayanlar\u0131n veya insanlar\u0131n hislerini, an\u0131lar\u0131n\u0131 ve tarzlar\u0131n\u0131 yans\u0131tan birer sanat galerisine d\u00f6n\u00fc\u015f\u00fcr. Mobilya se\u00e7imi, yaln\u0131zca aksesuarlar\u0131n d\u00fczenlenmesinin \u00f6tesinde, birer ya\u015fam arkada\u015f\u0131 se\u00e7me ve kendi hikayemizi yazma s\u00fcrecidir.<\/p>\n<h4><strong>Sonu\u00e7 olarak:<\/strong><\/h4>\n<p>L\u00fcks Derili Makam Tak\u0131m\u0131 sadece mobilya de\u011fil, ayn\u0131 zamanda i\u00e7 mekanlar\u0131m\u0131z\u0131n duygusal birer ifadesidir. Bu \u00f6zel mobilyalar, evimizi veya i\u015f yerimizi sadece bir konut ya da ofis olarak de\u011fil. Ayn\u0131 zamanda i\u00e7inde ya\u015fayanlar\u0131n farkl\u0131l\u0131klar\u0131 ve estetik tercihlerini yans\u0131tan bir ya\u015fam alan\u0131 haline getirir. Mobilya se\u00e7imi, sadece dekorasyon de\u011fil, ayn\u0131 zamanda birer ya\u015fam arkada\u015f\u0131 se\u00e7me s\u00fcrecidir.<\/p>\n","protected":false},"excerpt":{"rendered":"<p>L\u00fcks Derili Makam Tak\u0131m\u0131 L\u00fcks Derili Makam Tak\u0131m\u0131: Mobilyalarla \u015eekillenen \u00d6zel D\u00fcnyalar Evimiz ve i\u015f yerimiz, sadece duvarlar aras\u0131nda bulunan fiziksel alanlar de\u011fil. Ayn\u0131 zamanda i\u00e7inde ya\u015fayanlar\u0131n an\u0131lar\u0131n\u0131 ve estetik tercihlerini yans\u0131tan \u00f6zel d\u00fcnyalard\u0131r. Bu d\u00fcnyalar\u0131 \u015fekillendiren en \u00f6nemli unsurlardan biri, mobilya se\u00e7imidir. Deri Mobilyalar: Ge\u00e7mi\u015fin \u0130zlerini Ta\u015f\u0131yan Hikaye Kitaplar\u0131 Derili, l\u00fcks ve makam tak\u0131mlar\u0131 [&hellip;]<\/p>\n","protected":false},"featured_media":174,"comment_status":"open","ping_status":"closed","template":"","meta":{"_joinchat":[]},"product_cat":[38,35],"product_tag":[],"class_list":{"0":"post-162","1":"product","2":"type-product","3":"status-publish","4":"has-post-thumbnail","6":"product_cat-makam-takimlari","7":"product_cat-ofis-takimlari","9":"first","10":"instock","11":"shipping-taxable","12":"product-type-simple"},"yoast_head":"<!-- This site is optimized with the Yoast SEO plugin v22.5 - https:\/\/yoast.com\/wordpress\/plugins\/seo\/ -->\n<title>L\u00fcks derili makam tak\u0131m\u0131<\/title>\n<meta name=\"description\" content=\"L\u00fcks Derili Makam Tak\u0131m\u0131, zarafeti ve konforu bir araya getiren \u00f6zel bir mobilya koleksiyonunu temsil eder. \u00dcr\u00fcnler i\u00e7in bizi tercih edebilirsiniz.\" \/>\n<meta name=\"robots\" content=\"index, follow, max-snippet:-1, max-image-preview:large, max-video-preview:-1\" \/>\n<link rel=\"canonical\" href=\"https:\/\/ofistoptan.com\/?product=luks-derili-makam-takimi\" \/>\n<meta property=\"og:locale\" content=\"tr_TR\" \/>\n<meta property=\"og:type\" content=\"article\" \/>\n<meta property=\"og:title\" content=\"L\u00fcks derili makam tak\u0131m\u0131\" \/>\n<meta property=\"og:description\" content=\"L\u00fcks Derili Makam Tak\u0131m\u0131, zarafeti ve konforu bir araya getiren \u00f6zel bir mobilya koleksiyonunu temsil eder. \u00dcr\u00fcnler i\u00e7in bizi tercih edebilirsiniz.\" \/>\n<meta property=\"og:url\" content=\"https:\/\/ofistoptan.com\/?product=luks-derili-makam-takimi\" \/>\n<meta property=\"article:modified_time\" content=\"2024-03-02T06:56:06+00:00\" \/>\n<meta property=\"og:image\" content=\"https:\/\/ofistoptan.com\/wp-content\/uploads\/2024\/01\/Luks-Derili-Makam-Takimi1-1.jpg\" \/>\n\t<meta property=\"og:image:width\" content=\"1600\" \/>\n\t<meta property=\"og:image:height\" content=\"765\" \/>\n\t<meta property=\"og:image:type\" content=\"image\/jpeg\" \/>\n<meta name=\"twitter:card\" content=\"summary_large_image\" \/>\n<meta name=\"twitter:label1\" content=\"Tahmini okuma s\u00fcresi\" \/>\n\t<meta name=\"twitter:data1\" content=\"3 dakika\" \/>\n<script type=\"application\/ld+json\" class=\"yoast-schema-graph\">{\"@context\":\"https:\/\/schema.org\",\"@graph\":[{\"@type\":\"WebPage\",\"@id\":\"https:\/\/ofistoptan.com\/?product=luks-derili-makam-takimi\",\"url\":\"https:\/\/ofistoptan.com\/?product=luks-derili-makam-takimi\",\"name\":\"L\u00fcks derili makam tak\u0131m\u0131\",\"isPartOf\":{\"@id\":\"https:\/\/ofistoptan.com\/#website\"},\"primaryImageOfPage\":{\"@id\":\"https:\/\/ofistoptan.com\/?product=luks-derili-makam-takimi#primaryimage\"},\"image\":{\"@id\":\"https:\/\/ofistoptan.com\/?product=luks-derili-makam-takimi#primaryimage\"},\"thumbnailUrl\":\"https:\/\/ofistoptan.com\/wp-content\/uploads\/2024\/01\/Luks-Derili-Makam-Takimi1-1.jpg\",\"datePublished\":\"2024-01-02T07:18:53+00:00\",\"dateModified\":\"2024-03-02T06:56:06+00:00\",\"description\":\"L\u00fcks Derili Makam Tak\u0131m\u0131, zarafeti ve konforu bir araya getiren \u00f6zel bir mobilya koleksiyonunu temsil eder. \u00dcr\u00fcnler i\u00e7in bizi tercih edebilirsiniz.\",\"breadcrumb\":{\"@id\":\"https:\/\/ofistoptan.com\/?product=luks-derili-makam-takimi#breadcrumb\"},\"inLanguage\":\"tr\",\"potentialAction\":[{\"@type\":\"ReadAction\",\"target\":[\"https:\/\/ofistoptan.com\/?product=luks-derili-makam-takimi\"]}]},{\"@type\":\"ImageObject\",\"inLanguage\":\"tr\",\"@id\":\"https:\/\/ofistoptan.com\/?product=luks-derili-makam-takimi#primaryimage\",\"url\":\"https:\/\/ofistoptan.com\/wp-content\/uploads\/2024\/01\/Luks-Derili-Makam-Takimi1-1.jpg\",\"contentUrl\":\"https:\/\/ofistoptan.com\/wp-content\/uploads\/2024\/01\/Luks-Derili-Makam-Takimi1-1.jpg\",\"width\":1600,\"height\":765},{\"@type\":\"BreadcrumbList\",\"@id\":\"https:\/\/ofistoptan.com\/?product=luks-derili-makam-takimi#breadcrumb\",\"itemListElement\":[{\"@type\":\"ListItem\",\"position\":1,\"name\":\"Anasayfa\",\"item\":\"https:\/\/ofistoptan.com\/\"},{\"@type\":\"ListItem\",\"position\":2,\"name\":\"Ma\u011faza\",\"item\":\"https:\/\/ofistoptan.com\/?page_id=26\"},{\"@type\":\"ListItem\",\"position\":3,\"name\":\"L\u00fcks Derili Makam Tak\u0131m\u0131\"}]},{\"@type\":\"WebSite\",\"@id\":\"https:\/\/ofistoptan.com\/#website\",\"url\":\"https:\/\/ofistoptan.com\/\",\"name\":\"\",\"description\":\"\",\"potentialAction\":[{\"@type\":\"SearchAction\",\"target\":{\"@type\":\"EntryPoint\",\"urlTemplate\":\"https:\/\/ofistoptan.com\/?s={search_term_string}\"},\"query-input\":\"required name=search_term_string\"}],\"inLanguage\":\"tr\"}]}<\/script>\n<!-- \/ Yoast SEO plugin. -->","yoast_head_json":{"title":"L\u00fcks derili makam tak\u0131m\u0131","description":"L\u00fcks Derili Makam Tak\u0131m\u0131, zarafeti ve konforu bir araya getiren \u00f6zel bir mobilya koleksiyonunu temsil eder. \u00dcr\u00fcnler i\u00e7in bizi tercih edebilirsiniz.","robots":{"index":"index","follow":"follow","max-snippet":"max-snippet:-1","max-image-preview":"max-image-preview:large","max-video-preview":"max-video-preview:-1"},"canonical":"https:\/\/ofistoptan.com\/?product=luks-derili-makam-takimi","og_locale":"tr_TR","og_type":"article","og_title":"L\u00fcks derili makam tak\u0131m\u0131","og_description":"L\u00fcks Derili Makam Tak\u0131m\u0131, zarafeti ve konforu bir araya getiren \u00f6zel bir mobilya koleksiyonunu temsil eder. \u00dcr\u00fcnler i\u00e7in bizi tercih edebilirsiniz.","og_url":"https:\/\/ofistoptan.com\/?product=luks-derili-makam-takimi","article_modified_time":"2024-03-02T06:56:06+00:00","og_image":[{"width":1600,"height":765,"url":"https:\/\/ofistoptan.com\/wp-content\/uploads\/2024\/01\/Luks-Derili-Makam-Takimi1-1.jpg","type":"image\/jpeg"}],"twitter_card":"summary_large_image","twitter_misc":{"Tahmini okuma s\u00fcresi":"3 dakika"},"schema":{"@context":"https:\/\/schema.org","@graph":[{"@type":"WebPage","@id":"https:\/\/ofistoptan.com\/?product=luks-derili-makam-takimi","url":"https:\/\/ofistoptan.com\/?product=luks-derili-makam-takimi","name":"L\u00fcks derili makam tak\u0131m\u0131","isPartOf":{"@id":"https:\/\/ofistoptan.com\/#website"},"primaryImageOfPage":{"@id":"https:\/\/ofistoptan.com\/?product=luks-derili-makam-takimi#primaryimage"},"image":{"@id":"https:\/\/ofistoptan.com\/?product=luks-derili-makam-takimi#primaryimage"},"thumbnailUrl":"https:\/\/ofistoptan.com\/wp-content\/uploads\/2024\/01\/Luks-Derili-Makam-Takimi1-1.jpg","datePublished":"2024-01-02T07:18:53+00:00","dateModified":"2024-03-02T06:56:06+00:00","description":"L\u00fcks Derili Makam Tak\u0131m\u0131, zarafeti ve konforu bir araya getiren \u00f6zel bir mobilya koleksiyonunu temsil eder. \u00dcr\u00fcnler i\u00e7in bizi tercih edebilirsiniz.","breadcrumb":{"@id":"https:\/\/ofistoptan.com\/?product=luks-derili-makam-takimi#breadcrumb"},"inLanguage":"tr","potentialAction":[{"@type":"ReadAction","target":["https:\/\/ofistoptan.com\/?product=luks-derili-makam-takimi"]}]},{"@type":"ImageObject","inLanguage":"tr","@id":"https:\/\/ofistoptan.com\/?product=luks-derili-makam-takimi#primaryimage","url":"https:\/\/ofistoptan.com\/wp-content\/uploads\/2024\/01\/Luks-Derili-Makam-Takimi1-1.jpg","contentUrl":"https:\/\/ofistoptan.com\/wp-content\/uploads\/2024\/01\/Luks-Derili-Makam-Takimi1-1.jpg","width":1600,"height":765},{"@type":"BreadcrumbList","@id":"https:\/\/ofistoptan.com\/?product=luks-derili-makam-takimi#breadcrumb","itemListElement":[{"@type":"ListItem","position":1,"name":"Anasayfa","item":"https:\/\/ofistoptan.com\/"},{"@type":"ListItem","position":2,"name":"Ma\u011faza","item":"https:\/\/ofistoptan.com\/?page_id=26"},{"@type":"ListItem","position":3,"name":"L\u00fcks Derili Makam Tak\u0131m\u0131"}]},{"@type":"WebSite","@id":"https:\/\/ofistoptan.com\/#website","url":"https:\/\/ofistoptan.com\/","name":"","description":"","potentialAction":[{"@type":"SearchAction","target":{"@type":"EntryPoint","urlTemplate":"https:\/\/ofistoptan.com\/?s={search_term_string}"},"query-input":"required name=search_term_string"}],"inLanguage":"tr"}]}},"jetpack_sharing_enabled":true,"_links":{"self":[{"href":"https:\/\/ofistoptan.com\/index.php?rest_route=\/wp\/v2\/product\/162","targetHints":{"allow":["GET"]}}],"collection":[{"href":"https:\/\/ofistoptan.com\/index.php?rest_route=\/wp\/v2\/product"}],"about":[{"href":"https:\/\/ofistoptan.com\/index.php?rest_route=\/wp\/v2\/types\/product"}],"replies":[{"embeddable":true,"href":"https:\/\/ofistoptan.com\/index.php?rest_route=%2Fwp%2Fv2%2Fcomments&post=162"}],"wp:featuredmedia":[{"embeddable":true,"href":"https:\/\/ofistoptan.com\/index.php?rest_route=\/wp\/v2\/media\/174"}],"wp:attachment":[{"href":"https:\/\/ofistoptan.com\/index.php?rest_route=%2Fwp%2Fv2%2Fmedia&parent=162"}],"wp:term":[{"taxonomy":"product_cat","embeddable":true,"href":"https:\/\/ofistoptan.com\/index.php?rest_route=%2Fwp%2Fv2%2Fproduct_cat&post=162"},{"taxonomy":"product_tag","embeddable":true,"href":"https:\/\/ofistoptan.com\/index.php?rest_route=%2Fwp%2Fv2%2Fproduct_tag&post=162"}],"curies":[{"name":"wp","href":"https:\/\/api.w.org\/{rel}","templated":true}]}}