{"id":168,"date":"2024-01-02T13:10:43","date_gmt":"2024-01-02T10:10:43","guid":{"rendered":"https:\/\/ofistoptan.com\/?post_type=product&#038;p=168"},"modified":"2024-03-02T10:30:34","modified_gmt":"2024-03-02T07:30:34","slug":"sik-modern-ofis-takimi","status":"publish","type":"product","link":"https:\/\/ofistoptan.com\/?product=sik-modern-ofis-takimi","title":{"rendered":"\u015e\u0131k Modern Ofis Tak\u0131m\u0131"},"content":{"rendered":"<div class=\"flex-1 overflow-hidden\">\n<div class=\"react-scroll-to-bottom--css-muzpz-79elbk h-full\">\n<div class=\"react-scroll-to-bottom--css-muzpz-1n7m0yu\">\n<div class=\"flex flex-col pb-9 text-sm\">\n<div class=\"w-full text-token-text-primary\" data-testid=\"conversation-turn-43\">\n<div class=\"px-4 py-2 justify-center text-base md:gap-6 m-auto\">\n<div class=\"flex flex-1 text-base mx-auto gap-3 md:px-5 lg:px-1 xl:px-5 md:max-w-3xl lg:max-w-[40rem] xl:max-w-[48rem] group final-completion\">\n<div class=\"relative flex w-full flex-col lg:w-[calc(100%-115px)] agent-turn\">\n<div class=\"flex-col gap-1 md:gap-3\">\n<div class=\"flex flex-grow flex-col max-w-full\">\n<div class=\"min-h-[20px] text-message flex flex-col items-start gap-3 whitespace-pre-wrap break-words [.text-message+&amp;]:mt-5 overflow-x-auto\" data-message-author-role=\"assistant\" data-message-id=\"f3170e59-754d-4d14-a230-4235469d4abb\">\n<div class=\"markdown prose w-full break-words dark:prose-invert light\">\n<h2>\u015e\u0131k Modern Ofis Tak\u0131m\u0131<\/h2>\n<h4><strong>Bu g\u00fcn\u00fcm\u00fczde ofisler: sadece i\u015f yap\u0131lan mekanlar olman\u0131n \u00f6tesine ge\u00e7erek, birer ya\u015fam alan\u0131na d\u00f6n\u00fc\u015f\u00fcyorlar.<\/strong><\/h4>\n<p>\u0130\u015fte tam da bu noktada, &#8220;\u015e\u0131k Modern Ofis Tak\u0131m\u0131&#8221; kavram\u0131, \u00e7al\u0131\u015fma ortamlar\u0131n\u0131 sadece estetik de\u011fil. Ayn\u0131 zamanda i\u015flevsellik ve konforla birle\u015ftiren bir tasar\u0131m \u015f\u00f6leni olarak \u00f6n plana \u00e7\u0131k\u0131yor. Modern ofis tak\u0131mlar\u0131, i\u015fyerinde ge\u00e7irilen zaman\u0131 bir deneyime d\u00f6n\u00fc\u015ft\u00fcr\u00fcyor. Ayr\u0131ca \u00e7al\u0131\u015fanlar\u0131n g\u00fcnl\u00fck ya\u015famlar\u0131na de\u011fer katan birer i\u015f arkada\u015f\u0131 olma rol\u00fcn\u00fc \u00fcstleniyorlar.<\/p>\n<p>Minimalist tasar\u0131mlar\u0131 ve temiz \u00e7izgileri ile \u015e\u0131k Modern Ofis Tak\u0131m\u0131, sadece g\u00f6rsel bir \u015f\u00f6len sunmakla kalm\u0131yor; ayn\u0131 zamanda \u00e7al\u0131\u015fanlara huzur ve d\u00fczen duygusu a\u015f\u0131layarak, \u00e7al\u0131\u015fma verimini art\u0131r\u0131yor. Bu modern mobilyalar, i\u015fyerlerinde sadece i\u015f yapma amac\u0131n\u0131 a\u015farak, i\u00e7inde bulunanlar\u0131n duygusal ihtiya\u00e7lar\u0131n\u0131 da kar\u015f\u0131l\u0131yor. Bu y\u00fczden \u00e7al\u0131\u015fanlar, <a href=\"https:\/\/www.palmiyekocak.com\/ahsap-modern-kollu-sandalye\/acik-eskitme-koyu-ahsap-renkli-modern-sandalye-mskc24?search=modern%20\">modern<\/a> ofis tak\u0131mlar\u0131n\u0131n sunmu\u015f oldu\u011fu konfor ve \u015f\u0131kl\u0131k ile i\u015f yerlerinde ge\u00e7irdikleri zaman\u0131 daha keyifli ve motive edici bir hale getirebiliyorlar.<\/p>\n<p><strong>Malzeme se\u00e7imi: renk paleti ve dokusal detaylar, bu tak\u0131mlar\u0131 s\u0131radan bir i\u015f ortam\u0131ndan \u00e7\u0131kar\u0131r.<\/strong><\/p>\n<p>Ah\u015fab\u0131n s\u0131cakl\u0131\u011f\u0131, metal detaylar\u0131n modern zarafeti ve renk se\u00e7eneklerinin uyumu. Cal\u0131\u015fma ortamlar\u0131n\u0131 sadece i\u015f yeri de\u011fil, ayn\u0131 zamanda birer ya\u015fam alan\u0131 haline getiriyor. \u00c7al\u0131\u015fanlar, bu tasar\u0131mlar arac\u0131l\u0131\u011f\u0131yla kendilerini ifade edebilme imkan\u0131 buluyorlar.<\/p>\n<p>\u015e\u0131k Modern Ofis Tak\u0131m\u0131&#8217;n\u0131n mod\u00fcler yap\u0131s\u0131: de\u011fi\u015fen ihtiya\u00e7lara an\u0131nda uyum sa\u011flama yetene\u011fi ile ofis d\u00fczenini ki\u015fiselle\u015ftirmeyi m\u00fcmk\u00fcn k\u0131l\u0131yor. \u00c7al\u0131\u015fma masalar\u0131, raf sistemleri, dosya dolaplar\u0131 ve oturma gruplar\u0131 gibi \u00e7e\u015fitli par\u00e7alardan olu\u015fan bu mod\u00fcler tak\u0131mlar, \u00e7al\u0131\u015fma alanlar\u0131n\u0131 verimli bir \u015fekilde d\u00fczenlemeye ve \u00e7al\u0131\u015fanlar\u0131n ki\u015fisel ihtiya\u00e7lar\u0131na cevap vermeye olanak tan\u0131yor.<\/p>\n<p><strong>Teknoloji entegrasyonu: \u015e\u0131k Modern Ofis Tak\u0131m\u0131&#8217;n\u0131 tam anlam\u0131yla \u00e7a\u011fda\u015f k\u0131l\u0131yor.<\/strong><\/p>\n<p>Kablosuz \u015farj \u00fcniteleri ve kablo karma\u015fas\u0131n\u0131 \u00f6nleyen sistemler \u00e7al\u0131\u015fanlar\u0131n teknolojiyi etkili bir \u015fekilde kullanmalar\u0131n\u0131 sa\u011fl\u0131yor. Bu, ofisi sadece bir i\u015f merkezi olmaktan \u00e7\u0131kar\u0131r. Ayn\u0131 zamanda teknolojinin h\u0131z\u0131na ayak uyduran bir inovasyon merkezi haline getiriyor.<\/p>\n<p><strong>Sonu\u00e7 olarak:<\/strong> \u015e\u0131k Modern<a href=\"https:\/\/ofistoptan.com\/?product=sik-naturel-ofis-takimi\"> Ofis Tak\u0131m\u0131<\/a>, i\u015f d\u00fcnyas\u0131n\u0131n g\u00fcncel taleplerine uygun bir i\u015f orta\u011f\u0131d\u0131r. Ofis, \u00e7al\u0131\u015fanlar\u0131n verimli, mutlu ve ilham alabilecekleri bir ortam yarat\u0131r. \u0130\u015f yerlerini sadece i\u015f yap\u0131lan yerlerden \u00e7\u0131kart\u0131p, yarat\u0131c\u0131 bir atmosfer haline getirir.<\/p>\n<\/div>\n<\/div>\n<\/div>\n<\/div>\n<\/div>\n<\/div>\n<\/div>\n<\/div>\n<\/div>\n<\/div>\n<\/div>\n<\/div>\n","protected":false},"excerpt":{"rendered":"<p>\u015e\u0131k Modern Ofis Tak\u0131m\u0131 Bu g\u00fcn\u00fcm\u00fczde ofisler: sadece i\u015f yap\u0131lan mekanlar olman\u0131n \u00f6tesine ge\u00e7erek, birer ya\u015fam alan\u0131na d\u00f6n\u00fc\u015f\u00fcyorlar. \u0130\u015fte tam da bu noktada, &#8220;\u015e\u0131k Modern Ofis Tak\u0131m\u0131&#8221; kavram\u0131, \u00e7al\u0131\u015fma ortamlar\u0131n\u0131 sadece estetik de\u011fil. Ayn\u0131 zamanda i\u015flevsellik ve konforla birle\u015ftiren bir tasar\u0131m \u015f\u00f6leni olarak \u00f6n plana \u00e7\u0131k\u0131yor. Modern ofis tak\u0131mlar\u0131, i\u015fyerinde ge\u00e7irilen zaman\u0131 bir deneyime d\u00f6n\u00fc\u015ft\u00fcr\u00fcyor. [&hellip;]<\/p>\n","protected":false},"featured_media":199,"comment_status":"open","ping_status":"closed","template":"","meta":{"_joinchat":[]},"product_cat":[35],"product_tag":[],"class_list":{"0":"post-168","1":"product","2":"type-product","3":"status-publish","4":"has-post-thumbnail","6":"product_cat-ofis-takimlari","8":"first","9":"instock","10":"shipping-taxable","11":"product-type-simple"},"yoast_head":"<!-- This site is optimized with the Yoast SEO plugin v22.5 - https:\/\/yoast.com\/wordpress\/plugins\/seo\/ -->\n<title>\u015e\u0131k modern ofis tak\u0131m\u0131<\/title>\n<meta name=\"description\" content=\"\u015e\u0131k Modern Ofis Tak\u0131m\u0131, \u015f\u0131kl\u0131\u011f\u0131 ve modernli\u011fi bir araya getiren bu ofis tak\u0131m\u0131, \u00e7al\u0131\u015fma alan\u0131n\u0131z\u0131 \u00f6zel ve ki\u015fisel k\u0131lacak yap\u0131ya ve \u00f6zelli\u011fe sahip.\" \/>\n<meta name=\"robots\" content=\"index, follow, max-snippet:-1, max-image-preview:large, max-video-preview:-1\" \/>\n<link rel=\"canonical\" href=\"https:\/\/ofistoptan.com\/?product=sik-modern-ofis-takimi\" \/>\n<meta property=\"og:locale\" content=\"tr_TR\" \/>\n<meta property=\"og:type\" content=\"article\" \/>\n<meta property=\"og:title\" content=\"\u015e\u0131k modern ofis tak\u0131m\u0131\" \/>\n<meta property=\"og:description\" content=\"\u015e\u0131k Modern Ofis Tak\u0131m\u0131, \u015f\u0131kl\u0131\u011f\u0131 ve modernli\u011fi bir araya getiren bu ofis tak\u0131m\u0131, \u00e7al\u0131\u015fma alan\u0131n\u0131z\u0131 \u00f6zel ve ki\u015fisel k\u0131lacak yap\u0131ya ve \u00f6zelli\u011fe sahip.\" \/>\n<meta property=\"og:url\" content=\"https:\/\/ofistoptan.com\/?product=sik-modern-ofis-takimi\" \/>\n<meta property=\"article:modified_time\" content=\"2024-03-02T07:30:34+00:00\" \/>\n<meta property=\"og:image\" content=\"https:\/\/ofistoptan.com\/wp-content\/uploads\/2024\/01\/Sik-Modern-Ofis-Takimi-1-4-1.jpg\" \/>\n\t<meta property=\"og:image:width\" content=\"1600\" \/>\n\t<meta property=\"og:image:height\" content=\"765\" \/>\n\t<meta property=\"og:image:type\" content=\"image\/jpeg\" \/>\n<meta name=\"twitter:card\" content=\"summary_large_image\" \/>\n<meta name=\"twitter:label1\" content=\"Tahmini okuma s\u00fcresi\" \/>\n\t<meta name=\"twitter:data1\" content=\"3 dakika\" \/>\n<script type=\"application\/ld+json\" class=\"yoast-schema-graph\">{\"@context\":\"https:\/\/schema.org\",\"@graph\":[{\"@type\":\"WebPage\",\"@id\":\"https:\/\/ofistoptan.com\/?product=sik-modern-ofis-takimi\",\"url\":\"https:\/\/ofistoptan.com\/?product=sik-modern-ofis-takimi\",\"name\":\"\u015e\u0131k modern ofis tak\u0131m\u0131\",\"isPartOf\":{\"@id\":\"https:\/\/ofistoptan.com\/#website\"},\"primaryImageOfPage\":{\"@id\":\"https:\/\/ofistoptan.com\/?product=sik-modern-ofis-takimi#primaryimage\"},\"image\":{\"@id\":\"https:\/\/ofistoptan.com\/?product=sik-modern-ofis-takimi#primaryimage\"},\"thumbnailUrl\":\"https:\/\/ofistoptan.com\/wp-content\/uploads\/2024\/01\/Sik-Modern-Ofis-Takimi-1-4-1.jpg\",\"datePublished\":\"2024-01-02T10:10:43+00:00\",\"dateModified\":\"2024-03-02T07:30:34+00:00\",\"description\":\"\u015e\u0131k Modern Ofis Tak\u0131m\u0131, \u015f\u0131kl\u0131\u011f\u0131 ve modernli\u011fi bir araya getiren bu ofis tak\u0131m\u0131, \u00e7al\u0131\u015fma alan\u0131n\u0131z\u0131 \u00f6zel ve ki\u015fisel k\u0131lacak yap\u0131ya ve \u00f6zelli\u011fe sahip.\",\"breadcrumb\":{\"@id\":\"https:\/\/ofistoptan.com\/?product=sik-modern-ofis-takimi#breadcrumb\"},\"inLanguage\":\"tr\",\"potentialAction\":[{\"@type\":\"ReadAction\",\"target\":[\"https:\/\/ofistoptan.com\/?product=sik-modern-ofis-takimi\"]}]},{\"@type\":\"ImageObject\",\"inLanguage\":\"tr\",\"@id\":\"https:\/\/ofistoptan.com\/?product=sik-modern-ofis-takimi#primaryimage\",\"url\":\"https:\/\/ofistoptan.com\/wp-content\/uploads\/2024\/01\/Sik-Modern-Ofis-Takimi-1-4-1.jpg\",\"contentUrl\":\"https:\/\/ofistoptan.com\/wp-content\/uploads\/2024\/01\/Sik-Modern-Ofis-Takimi-1-4-1.jpg\",\"width\":1600,\"height\":765},{\"@type\":\"BreadcrumbList\",\"@id\":\"https:\/\/ofistoptan.com\/?product=sik-modern-ofis-takimi#breadcrumb\",\"itemListElement\":[{\"@type\":\"ListItem\",\"position\":1,\"name\":\"Anasayfa\",\"item\":\"https:\/\/ofistoptan.com\/\"},{\"@type\":\"ListItem\",\"position\":2,\"name\":\"Ma\u011faza\",\"item\":\"https:\/\/ofistoptan.com\/?page_id=26\"},{\"@type\":\"ListItem\",\"position\":3,\"name\":\"\u015e\u0131k Modern Ofis Tak\u0131m\u0131\"}]},{\"@type\":\"WebSite\",\"@id\":\"https:\/\/ofistoptan.com\/#website\",\"url\":\"https:\/\/ofistoptan.com\/\",\"name\":\"\",\"description\":\"\",\"potentialAction\":[{\"@type\":\"SearchAction\",\"target\":{\"@type\":\"EntryPoint\",\"urlTemplate\":\"https:\/\/ofistoptan.com\/?s={search_term_string}\"},\"query-input\":\"required name=search_term_string\"}],\"inLanguage\":\"tr\"}]}<\/script>\n<!-- \/ Yoast SEO plugin. -->","yoast_head_json":{"title":"\u015e\u0131k modern ofis tak\u0131m\u0131","description":"\u015e\u0131k Modern Ofis Tak\u0131m\u0131, \u015f\u0131kl\u0131\u011f\u0131 ve modernli\u011fi bir araya getiren bu ofis tak\u0131m\u0131, \u00e7al\u0131\u015fma alan\u0131n\u0131z\u0131 \u00f6zel ve ki\u015fisel k\u0131lacak yap\u0131ya ve \u00f6zelli\u011fe sahip.","robots":{"index":"index","follow":"follow","max-snippet":"max-snippet:-1","max-image-preview":"max-image-preview:large","max-video-preview":"max-video-preview:-1"},"canonical":"https:\/\/ofistoptan.com\/?product=sik-modern-ofis-takimi","og_locale":"tr_TR","og_type":"article","og_title":"\u015e\u0131k modern ofis tak\u0131m\u0131","og_description":"\u015e\u0131k Modern Ofis Tak\u0131m\u0131, \u015f\u0131kl\u0131\u011f\u0131 ve modernli\u011fi bir araya getiren bu ofis tak\u0131m\u0131, \u00e7al\u0131\u015fma alan\u0131n\u0131z\u0131 \u00f6zel ve ki\u015fisel k\u0131lacak yap\u0131ya ve \u00f6zelli\u011fe sahip.","og_url":"https:\/\/ofistoptan.com\/?product=sik-modern-ofis-takimi","article_modified_time":"2024-03-02T07:30:34+00:00","og_image":[{"width":1600,"height":765,"url":"https:\/\/ofistoptan.com\/wp-content\/uploads\/2024\/01\/Sik-Modern-Ofis-Takimi-1-4-1.jpg","type":"image\/jpeg"}],"twitter_card":"summary_large_image","twitter_misc":{"Tahmini okuma s\u00fcresi":"3 dakika"},"schema":{"@context":"https:\/\/schema.org","@graph":[{"@type":"WebPage","@id":"https:\/\/ofistoptan.com\/?product=sik-modern-ofis-takimi","url":"https:\/\/ofistoptan.com\/?product=sik-modern-ofis-takimi","name":"\u015e\u0131k modern ofis tak\u0131m\u0131","isPartOf":{"@id":"https:\/\/ofistoptan.com\/#website"},"primaryImageOfPage":{"@id":"https:\/\/ofistoptan.com\/?product=sik-modern-ofis-takimi#primaryimage"},"image":{"@id":"https:\/\/ofistoptan.com\/?product=sik-modern-ofis-takimi#primaryimage"},"thumbnailUrl":"https:\/\/ofistoptan.com\/wp-content\/uploads\/2024\/01\/Sik-Modern-Ofis-Takimi-1-4-1.jpg","datePublished":"2024-01-02T10:10:43+00:00","dateModified":"2024-03-02T07:30:34+00:00","description":"\u015e\u0131k Modern Ofis Tak\u0131m\u0131, \u015f\u0131kl\u0131\u011f\u0131 ve modernli\u011fi bir araya getiren bu ofis tak\u0131m\u0131, \u00e7al\u0131\u015fma alan\u0131n\u0131z\u0131 \u00f6zel ve ki\u015fisel k\u0131lacak yap\u0131ya ve \u00f6zelli\u011fe sahip.","breadcrumb":{"@id":"https:\/\/ofistoptan.com\/?product=sik-modern-ofis-takimi#breadcrumb"},"inLanguage":"tr","potentialAction":[{"@type":"ReadAction","target":["https:\/\/ofistoptan.com\/?product=sik-modern-ofis-takimi"]}]},{"@type":"ImageObject","inLanguage":"tr","@id":"https:\/\/ofistoptan.com\/?product=sik-modern-ofis-takimi#primaryimage","url":"https:\/\/ofistoptan.com\/wp-content\/uploads\/2024\/01\/Sik-Modern-Ofis-Takimi-1-4-1.jpg","contentUrl":"https:\/\/ofistoptan.com\/wp-content\/uploads\/2024\/01\/Sik-Modern-Ofis-Takimi-1-4-1.jpg","width":1600,"height":765},{"@type":"BreadcrumbList","@id":"https:\/\/ofistoptan.com\/?product=sik-modern-ofis-takimi#breadcrumb","itemListElement":[{"@type":"ListItem","position":1,"name":"Anasayfa","item":"https:\/\/ofistoptan.com\/"},{"@type":"ListItem","position":2,"name":"Ma\u011faza","item":"https:\/\/ofistoptan.com\/?page_id=26"},{"@type":"ListItem","position":3,"name":"\u015e\u0131k Modern Ofis Tak\u0131m\u0131"}]},{"@type":"WebSite","@id":"https:\/\/ofistoptan.com\/#website","url":"https:\/\/ofistoptan.com\/","name":"","description":"","potentialAction":[{"@type":"SearchAction","target":{"@type":"EntryPoint","urlTemplate":"https:\/\/ofistoptan.com\/?s={search_term_string}"},"query-input":"required name=search_term_string"}],"inLanguage":"tr"}]}},"jetpack_sharing_enabled":true,"_links":{"self":[{"href":"https:\/\/ofistoptan.com\/index.php?rest_route=\/wp\/v2\/product\/168","targetHints":{"allow":["GET"]}}],"collection":[{"href":"https:\/\/ofistoptan.com\/index.php?rest_route=\/wp\/v2\/product"}],"about":[{"href":"https:\/\/ofistoptan.com\/index.php?rest_route=\/wp\/v2\/types\/product"}],"replies":[{"embeddable":true,"href":"https:\/\/ofistoptan.com\/index.php?rest_route=%2Fwp%2Fv2%2Fcomments&post=168"}],"wp:featuredmedia":[{"embeddable":true,"href":"https:\/\/ofistoptan.com\/index.php?rest_route=\/wp\/v2\/media\/199"}],"wp:attachment":[{"href":"https:\/\/ofistoptan.com\/index.php?rest_route=%2Fwp%2Fv2%2Fmedia&parent=168"}],"wp:term":[{"taxonomy":"product_cat","embeddable":true,"href":"https:\/\/ofistoptan.com\/index.php?rest_route=%2Fwp%2Fv2%2Fproduct_cat&post=168"},{"taxonomy":"product_tag","embeddable":true,"href":"https:\/\/ofistoptan.com\/index.php?rest_route=%2Fwp%2Fv2%2Fproduct_tag&post=168"}],"curies":[{"name":"wp","href":"https:\/\/api.w.org\/{rel}","templated":true}]}}