{"id":170,"date":"2024-01-02T13:13:35","date_gmt":"2024-01-02T10:13:35","guid":{"rendered":"https:\/\/ofistoptan.com\/?post_type=product&#038;p=170"},"modified":"2024-03-02T10:31:20","modified_gmt":"2024-03-02T07:31:20","slug":"sik-naturel-ofis-takimi","status":"publish","type":"product","link":"https:\/\/ofistoptan.com\/?product=sik-naturel-ofis-takimi","title":{"rendered":"\u015e\u0131k Naturel Ofis Tak\u0131m\u0131"},"content":{"rendered":"<div class=\"flex-1 overflow-hidden\">\n<div class=\"react-scroll-to-bottom--css-muzpz-79elbk h-full\">\n<div class=\"react-scroll-to-bottom--css-muzpz-1n7m0yu\">\n<div class=\"flex flex-col pb-9 text-sm\">\n<div class=\"w-full text-token-text-primary\" data-testid=\"conversation-turn-45\">\n<div class=\"px-4 py-2 justify-center text-base md:gap-6 m-auto\">\n<div class=\"flex flex-1 text-base mx-auto gap-3 md:px-5 lg:px-1 xl:px-5 md:max-w-3xl lg:max-w-[40rem] xl:max-w-[48rem] group final-completion\">\n<div class=\"relative flex w-full flex-col lg:w-[calc(100%-115px)] agent-turn\">\n<div class=\"flex-col gap-1 md:gap-3\">\n<div class=\"flex flex-grow flex-col max-w-full\">\n<div class=\"min-h-[20px] text-message flex flex-col items-start gap-3 whitespace-pre-wrap break-words [.text-message+&amp;]:mt-5 overflow-x-auto\" data-message-author-role=\"assistant\" data-message-id=\"1a7415d7-7cbc-425c-9fc1-7aaa74caca55\">\n<div class=\"markdown prose w-full break-words dark:prose-invert light\">\n<h2>\u015e\u0131k Naturel Ofis Tak\u0131m\u0131<\/h2>\n<h4><strong>\u015e\u0131k Naturel Ofis Tak\u0131m\u0131: Sadece mobilya de\u011fil. Ayn\u0131 zamanda bir i\u015f orta\u011f\u0131 ve ya\u015fam alan\u0131d\u0131r.<\/strong><\/h4>\n<h4>G\u00fcn\u00fcm\u00fczde i\u015f d\u00fcnyas\u0131:<\/h4>\n<p>Sadece ticaretin yap\u0131ld\u0131\u011f\u0131 bir alan olman\u0131n \u00e7ok \u00f6tesine ge\u00e7mi\u015f, \u00e7al\u0131\u015fma ortamlar\u0131 tasar\u0131m ve fonksiyon a\u00e7\u0131s\u0131ndan b\u00fcy\u00fck bir d\u00f6n\u00fc\u015f\u00fcm ge\u00e7irmi\u015ftir. Bu evrimde, &#8220;\u015e\u0131k Naturel Ofis Tak\u0131m\u0131&#8221; konsepti, i\u015f yerlerine sadece estetiklik de\u011fil. Ayn\u0131 zamanda do\u011fan\u0131n sakinli\u011fini ve zarafetini getiren bir yenilik olarak \u00f6ne \u00e7\u0131kmaktad\u0131r.<\/p>\n<h4>Bu ofis tak\u0131m\u0131n\u0131n \u00f6ne \u00e7\u0131kan \u00f6zellikleri aras\u0131nda;<\/h4>\n<p>Do\u011fal malzemelerin hakimiyeti, minimalist tasar\u0131mlar ve \u00e7a\u011fda\u015f dokunu\u015flar yer almaktad\u0131r. \u0130\u015fte bu unsurlar bir araya geldi\u011finde, \u00e7al\u0131\u015fma ortamlar\u0131 sadece i\u015f yapma yerleri olmaktan \u00e7\u0131km\u0131\u015ft\u0131r. \u0130\u00e7inde bulunanlar\u0131n kendilerini <a href=\"https:\/\/ofistoptan.com\/?product=luks-konforlu-ofis-takimi\">rahat<\/a> ve huzurlu hissetti\u011fi, do\u011fan\u0131n bir par\u00e7as\u0131 gibi tasarlanm\u0131\u015f mekanlara d\u00f6n\u00fc\u015fmektedir.<\/p>\n<p>Naturel ofis tak\u0131mlar\u0131n\u0131n malzeme se\u00e7iminde genellikle ah\u015fap, ta\u015f, cam gibi do\u011fal materyaller \u00f6n plana \u00e7\u0131kar. Ah\u015fab\u0131n s\u0131cak dokusu, i\u015f ortamlar\u0131na do\u011fall\u0131k ve samimiyet katarken. Ek olarak ta\u015f ve cam\u0131n zarafeti modern bir \u00e7izgi olu\u015fturur. Bu materyaller, sadece g\u00f6rsel bir \u015f\u00f6len sunar.<\/p>\n<p><strong>Minimalist tasar\u0131mlar: &#8220;Ofis Tak\u0131m\u0131&#8221;n\u0131 hem \u015f\u0131k hem de i\u015flevsel k\u0131lar.<\/strong><\/p>\n<p>Temiz \u00e7izgiler ve sade detaylar, ofis mobilyalar\u0131n\u0131 gereksiz karma\u015fadan ar\u0131nd\u0131r\u0131r. \u00c7al\u0131\u015fanlar\u0131n odaklanmas\u0131na ve yarat\u0131c\u0131l\u0131klar\u0131n\u0131 serbest b\u0131rakmalar\u0131na yard\u0131mc\u0131 olur.<\/p>\n<p><strong>Do\u011fal renk paletleri: &#8220;Ofis Tak\u0131m\u0131&#8221;n\u0131n atmosferini tamamlar.<\/strong><\/p>\n<p>Genellikle yumu\u015fak tonlar ve<a href=\"https:\/\/www.palmiyekocak.com\/kutuk-masalar\/capraz-demir-ayakli-dogal-ahsap-kutuk-masa-ktk9051?search=do%C4%9Fal%20ah\">\u00a0ah\u015fab\u0131n do\u011fal rengi.<\/a> \u00c7al\u0131\u015fma ortamlar\u0131na s\u0131cakl\u0131k ve huzur katar. Renklerin se\u00e7imi. \u0130\u00e7inde \u00e7al\u0131\u015fanlar\u0131n duygu d\u00fcnyas\u0131n\u0131 olumlu etkiler. Ayr\u0131ca motivasyonlar\u0131n\u0131 art\u0131r\u0131r ve stresle ba\u015fa \u00e7\u0131kmalar\u0131na yard\u0131mc\u0131 olur.<\/p>\n<p><strong>Bu ofis tak\u0131m\u0131n\u0131n mod\u00fcler yap\u0131s\u0131: de\u011fi\u015fen ihtiya\u00e7lara h\u0131zl\u0131 bir \u015fekilde adapte olmay\u0131 m\u00fcmk\u00fcn k\u0131lar.<\/strong><\/p>\n<p>\u00c7al\u0131\u015fma masalar\u0131, raflar, depolama \u00fcniteleri ve oturma alanlar\u0131 gibi \u00e7e\u015fitli par\u00e7alardan olu\u015fan mod\u00fcler tak\u0131mlar. Ofis i\u00e7indeki alan\u0131n optimize edilmesine ve her \u00e7al\u0131\u015fan\u0131n ihtiyac\u0131na uygun bir d\u00fczenlemenin yap\u0131lmas\u0131na olanak sa\u011flar.<\/p>\n<p>Teknoloji entegrasyonu ise bu do\u011fal ofis tak\u0131m\u0131n\u0131 \u00e7a\u011fda\u015f k\u0131lar. Hem kablosuz \u015farj sistemleri hem de ak\u0131ll\u0131 depolama \u00e7\u00f6z\u00fcmleri ve entegre teknoloji \u00e7\u00f6z\u00fcmleri, \u00e7al\u0131\u015fanlar\u0131n i\u015flerini daha verimli bir \u015fekilde y\u00f6netmelerine yard\u0131mc\u0131 olur. \u0130\u015fyeri sadece do\u011fal bir g\u00fczellik sergilemekle kalmaz. Ayn\u0131 zamanda modern teknolojinin getirdi\u011fi avantajlardan da faydalan\u0131r.<\/p>\n<p><strong>Sonu\u00e7 olarak: <\/strong>&#8220;\u015e\u0131k Naturel Ofis Tak\u0131m\u0131&#8221;, i\u015f d\u00fcnyas\u0131na hem estetik hem de fonksiyonellik a\u00e7\u0131s\u0131ndan bir soluk getirir. Do\u011fal unsurlar\u0131n hakimiyeti, minimalist tasar\u0131mlar ve modern detaylar, hem \u00e7al\u0131\u015fma ortam\u0131n\u0131 hem de estetik beklentileri kar\u015f\u0131lar. Bu tak\u0131m, sadece i\u015f yapma mekan\u0131 olmaktan \u00e7\u0131kar\u0131r ve i\u015f yerlerine ya\u015fam alan\u0131 sunar. Hem \u00e7al\u0131\u015fanlar\u0131n hem de misafirlerin konforunu ve verimlili\u011fini art\u0131rarak, i\u015f atmosferine pozitif bir etki sa\u011flar.<\/p>\n<\/div>\n<\/div>\n<\/div>\n<\/div>\n<\/div>\n<\/div>\n<\/div>\n<\/div>\n<\/div>\n<\/div>\n<\/div>\n<\/div>\n","protected":false},"excerpt":{"rendered":"<p>\u015e\u0131k Naturel Ofis Tak\u0131m\u0131 \u015e\u0131k Naturel Ofis Tak\u0131m\u0131: Sadece mobilya de\u011fil. Ayn\u0131 zamanda bir i\u015f orta\u011f\u0131 ve ya\u015fam alan\u0131d\u0131r. G\u00fcn\u00fcm\u00fczde i\u015f d\u00fcnyas\u0131: Sadece ticaretin yap\u0131ld\u0131\u011f\u0131 bir alan olman\u0131n \u00e7ok \u00f6tesine ge\u00e7mi\u015f, \u00e7al\u0131\u015fma ortamlar\u0131 tasar\u0131m ve fonksiyon a\u00e7\u0131s\u0131ndan b\u00fcy\u00fck bir d\u00f6n\u00fc\u015f\u00fcm ge\u00e7irmi\u015ftir. Bu evrimde, &#8220;\u015e\u0131k Naturel Ofis Tak\u0131m\u0131&#8221; konsepti, i\u015f yerlerine sadece estetiklik de\u011fil. Ayn\u0131 zamanda [&hellip;]<\/p>\n","protected":false},"featured_media":194,"comment_status":"open","ping_status":"closed","template":"","meta":{"_joinchat":[]},"product_cat":[35],"product_tag":[],"class_list":{"0":"post-170","1":"product","2":"type-product","3":"status-publish","4":"has-post-thumbnail","6":"product_cat-ofis-takimlari","8":"first","9":"instock","10":"shipping-taxable","11":"product-type-simple"},"yoast_head":"<!-- This site is optimized with the Yoast SEO plugin v22.5 - https:\/\/yoast.com\/wordpress\/plugins\/seo\/ -->\n<title>\u015e\u0131k naturel ofis tak\u0131m\u0131<\/title>\n<meta name=\"description\" content=\"\u015e\u0131k Naturel Ofis Tak\u0131m\u0131,do\u011fan\u0131n zarafetiyle modern tasar\u0131m\u0131 birle\u015ftirerek \u00e7al\u0131\u015fma alan\u0131n\u0131z\u0131 mobilyalarla ve do\u011fal atmosferle donatir\" \/>\n<meta name=\"robots\" content=\"index, follow, max-snippet:-1, max-image-preview:large, max-video-preview:-1\" \/>\n<link rel=\"canonical\" href=\"https:\/\/ofistoptan.com\/?product=sik-naturel-ofis-takimi\" \/>\n<meta property=\"og:locale\" content=\"tr_TR\" \/>\n<meta property=\"og:type\" content=\"article\" \/>\n<meta property=\"og:title\" content=\"\u015e\u0131k naturel ofis tak\u0131m\u0131\" \/>\n<meta property=\"og:description\" content=\"\u015e\u0131k Naturel Ofis Tak\u0131m\u0131,do\u011fan\u0131n zarafetiyle modern tasar\u0131m\u0131 birle\u015ftirerek \u00e7al\u0131\u015fma alan\u0131n\u0131z\u0131 mobilyalarla ve do\u011fal atmosferle donatir\" \/>\n<meta property=\"og:url\" content=\"https:\/\/ofistoptan.com\/?product=sik-naturel-ofis-takimi\" \/>\n<meta property=\"article:modified_time\" content=\"2024-03-02T07:31:20+00:00\" \/>\n<meta property=\"og:image\" content=\"https:\/\/ofistoptan.com\/wp-content\/uploads\/2024\/01\/Sik-Naturel-Ofis-Takimi-1.jpg\" \/>\n\t<meta property=\"og:image:width\" content=\"1600\" \/>\n\t<meta property=\"og:image:height\" content=\"765\" \/>\n\t<meta property=\"og:image:type\" content=\"image\/jpeg\" \/>\n<meta name=\"twitter:card\" content=\"summary_large_image\" \/>\n<meta name=\"twitter:label1\" content=\"Tahmini okuma s\u00fcresi\" \/>\n\t<meta name=\"twitter:data1\" content=\"3 dakika\" \/>\n<script type=\"application\/ld+json\" class=\"yoast-schema-graph\">{\"@context\":\"https:\/\/schema.org\",\"@graph\":[{\"@type\":\"WebPage\",\"@id\":\"https:\/\/ofistoptan.com\/?product=sik-naturel-ofis-takimi\",\"url\":\"https:\/\/ofistoptan.com\/?product=sik-naturel-ofis-takimi\",\"name\":\"\u015e\u0131k naturel ofis tak\u0131m\u0131\",\"isPartOf\":{\"@id\":\"https:\/\/ofistoptan.com\/#website\"},\"primaryImageOfPage\":{\"@id\":\"https:\/\/ofistoptan.com\/?product=sik-naturel-ofis-takimi#primaryimage\"},\"image\":{\"@id\":\"https:\/\/ofistoptan.com\/?product=sik-naturel-ofis-takimi#primaryimage\"},\"thumbnailUrl\":\"https:\/\/ofistoptan.com\/wp-content\/uploads\/2024\/01\/Sik-Naturel-Ofis-Takimi-1.jpg\",\"datePublished\":\"2024-01-02T10:13:35+00:00\",\"dateModified\":\"2024-03-02T07:31:20+00:00\",\"description\":\"\u015e\u0131k Naturel Ofis Tak\u0131m\u0131,do\u011fan\u0131n zarafetiyle modern tasar\u0131m\u0131 birle\u015ftirerek \u00e7al\u0131\u015fma alan\u0131n\u0131z\u0131 mobilyalarla ve do\u011fal atmosferle donatir\",\"breadcrumb\":{\"@id\":\"https:\/\/ofistoptan.com\/?product=sik-naturel-ofis-takimi#breadcrumb\"},\"inLanguage\":\"tr\",\"potentialAction\":[{\"@type\":\"ReadAction\",\"target\":[\"https:\/\/ofistoptan.com\/?product=sik-naturel-ofis-takimi\"]}]},{\"@type\":\"ImageObject\",\"inLanguage\":\"tr\",\"@id\":\"https:\/\/ofistoptan.com\/?product=sik-naturel-ofis-takimi#primaryimage\",\"url\":\"https:\/\/ofistoptan.com\/wp-content\/uploads\/2024\/01\/Sik-Naturel-Ofis-Takimi-1.jpg\",\"contentUrl\":\"https:\/\/ofistoptan.com\/wp-content\/uploads\/2024\/01\/Sik-Naturel-Ofis-Takimi-1.jpg\",\"width\":1600,\"height\":765},{\"@type\":\"BreadcrumbList\",\"@id\":\"https:\/\/ofistoptan.com\/?product=sik-naturel-ofis-takimi#breadcrumb\",\"itemListElement\":[{\"@type\":\"ListItem\",\"position\":1,\"name\":\"Anasayfa\",\"item\":\"https:\/\/ofistoptan.com\/\"},{\"@type\":\"ListItem\",\"position\":2,\"name\":\"Ma\u011faza\",\"item\":\"https:\/\/ofistoptan.com\/?page_id=26\"},{\"@type\":\"ListItem\",\"position\":3,\"name\":\"\u015e\u0131k Naturel Ofis Tak\u0131m\u0131\"}]},{\"@type\":\"WebSite\",\"@id\":\"https:\/\/ofistoptan.com\/#website\",\"url\":\"https:\/\/ofistoptan.com\/\",\"name\":\"\",\"description\":\"\",\"potentialAction\":[{\"@type\":\"SearchAction\",\"target\":{\"@type\":\"EntryPoint\",\"urlTemplate\":\"https:\/\/ofistoptan.com\/?s={search_term_string}\"},\"query-input\":\"required name=search_term_string\"}],\"inLanguage\":\"tr\"}]}<\/script>\n<!-- \/ Yoast SEO plugin. -->","yoast_head_json":{"title":"\u015e\u0131k naturel ofis tak\u0131m\u0131","description":"\u015e\u0131k Naturel Ofis Tak\u0131m\u0131,do\u011fan\u0131n zarafetiyle modern tasar\u0131m\u0131 birle\u015ftirerek \u00e7al\u0131\u015fma alan\u0131n\u0131z\u0131 mobilyalarla ve do\u011fal atmosferle donatir","robots":{"index":"index","follow":"follow","max-snippet":"max-snippet:-1","max-image-preview":"max-image-preview:large","max-video-preview":"max-video-preview:-1"},"canonical":"https:\/\/ofistoptan.com\/?product=sik-naturel-ofis-takimi","og_locale":"tr_TR","og_type":"article","og_title":"\u015e\u0131k naturel ofis tak\u0131m\u0131","og_description":"\u015e\u0131k Naturel Ofis Tak\u0131m\u0131,do\u011fan\u0131n zarafetiyle modern tasar\u0131m\u0131 birle\u015ftirerek \u00e7al\u0131\u015fma alan\u0131n\u0131z\u0131 mobilyalarla ve do\u011fal atmosferle donatir","og_url":"https:\/\/ofistoptan.com\/?product=sik-naturel-ofis-takimi","article_modified_time":"2024-03-02T07:31:20+00:00","og_image":[{"width":1600,"height":765,"url":"https:\/\/ofistoptan.com\/wp-content\/uploads\/2024\/01\/Sik-Naturel-Ofis-Takimi-1.jpg","type":"image\/jpeg"}],"twitter_card":"summary_large_image","twitter_misc":{"Tahmini okuma s\u00fcresi":"3 dakika"},"schema":{"@context":"https:\/\/schema.org","@graph":[{"@type":"WebPage","@id":"https:\/\/ofistoptan.com\/?product=sik-naturel-ofis-takimi","url":"https:\/\/ofistoptan.com\/?product=sik-naturel-ofis-takimi","name":"\u015e\u0131k naturel ofis tak\u0131m\u0131","isPartOf":{"@id":"https:\/\/ofistoptan.com\/#website"},"primaryImageOfPage":{"@id":"https:\/\/ofistoptan.com\/?product=sik-naturel-ofis-takimi#primaryimage"},"image":{"@id":"https:\/\/ofistoptan.com\/?product=sik-naturel-ofis-takimi#primaryimage"},"thumbnailUrl":"https:\/\/ofistoptan.com\/wp-content\/uploads\/2024\/01\/Sik-Naturel-Ofis-Takimi-1.jpg","datePublished":"2024-01-02T10:13:35+00:00","dateModified":"2024-03-02T07:31:20+00:00","description":"\u015e\u0131k Naturel Ofis Tak\u0131m\u0131,do\u011fan\u0131n zarafetiyle modern tasar\u0131m\u0131 birle\u015ftirerek \u00e7al\u0131\u015fma alan\u0131n\u0131z\u0131 mobilyalarla ve do\u011fal atmosferle donatir","breadcrumb":{"@id":"https:\/\/ofistoptan.com\/?product=sik-naturel-ofis-takimi#breadcrumb"},"inLanguage":"tr","potentialAction":[{"@type":"ReadAction","target":["https:\/\/ofistoptan.com\/?product=sik-naturel-ofis-takimi"]}]},{"@type":"ImageObject","inLanguage":"tr","@id":"https:\/\/ofistoptan.com\/?product=sik-naturel-ofis-takimi#primaryimage","url":"https:\/\/ofistoptan.com\/wp-content\/uploads\/2024\/01\/Sik-Naturel-Ofis-Takimi-1.jpg","contentUrl":"https:\/\/ofistoptan.com\/wp-content\/uploads\/2024\/01\/Sik-Naturel-Ofis-Takimi-1.jpg","width":1600,"height":765},{"@type":"BreadcrumbList","@id":"https:\/\/ofistoptan.com\/?product=sik-naturel-ofis-takimi#breadcrumb","itemListElement":[{"@type":"ListItem","position":1,"name":"Anasayfa","item":"https:\/\/ofistoptan.com\/"},{"@type":"ListItem","position":2,"name":"Ma\u011faza","item":"https:\/\/ofistoptan.com\/?page_id=26"},{"@type":"ListItem","position":3,"name":"\u015e\u0131k Naturel Ofis Tak\u0131m\u0131"}]},{"@type":"WebSite","@id":"https:\/\/ofistoptan.com\/#website","url":"https:\/\/ofistoptan.com\/","name":"","description":"","potentialAction":[{"@type":"SearchAction","target":{"@type":"EntryPoint","urlTemplate":"https:\/\/ofistoptan.com\/?s={search_term_string}"},"query-input":"required name=search_term_string"}],"inLanguage":"tr"}]}},"jetpack_sharing_enabled":true,"_links":{"self":[{"href":"https:\/\/ofistoptan.com\/index.php?rest_route=\/wp\/v2\/product\/170","targetHints":{"allow":["GET"]}}],"collection":[{"href":"https:\/\/ofistoptan.com\/index.php?rest_route=\/wp\/v2\/product"}],"about":[{"href":"https:\/\/ofistoptan.com\/index.php?rest_route=\/wp\/v2\/types\/product"}],"replies":[{"embeddable":true,"href":"https:\/\/ofistoptan.com\/index.php?rest_route=%2Fwp%2Fv2%2Fcomments&post=170"}],"wp:featuredmedia":[{"embeddable":true,"href":"https:\/\/ofistoptan.com\/index.php?rest_route=\/wp\/v2\/media\/194"}],"wp:attachment":[{"href":"https:\/\/ofistoptan.com\/index.php?rest_route=%2Fwp%2Fv2%2Fmedia&parent=170"}],"wp:term":[{"taxonomy":"product_cat","embeddable":true,"href":"https:\/\/ofistoptan.com\/index.php?rest_route=%2Fwp%2Fv2%2Fproduct_cat&post=170"},{"taxonomy":"product_tag","embeddable":true,"href":"https:\/\/ofistoptan.com\/index.php?rest_route=%2Fwp%2Fv2%2Fproduct_tag&post=170"}],"curies":[{"name":"wp","href":"https:\/\/api.w.org\/{rel}","templated":true}]}}