{"id":201,"date":"2024-01-03T16:52:32","date_gmt":"2024-01-03T13:52:32","guid":{"rendered":"https:\/\/ofistoptan.com\/?post_type=product&#038;p=201"},"modified":"2024-03-02T09:23:09","modified_gmt":"2024-03-02T06:23:09","slug":"azalea-makam-takimi","status":"publish","type":"product","link":"https:\/\/ofistoptan.com\/?product=azalea-makam-takimi","title":{"rendered":"Azalea Makam Tak\u0131m\u0131"},"content":{"rendered":"<div class=\"flex-1 overflow-hidden\">\n<div class=\"react-scroll-to-bottom--css-wjwxi-79elbk h-full\">\n<div class=\"react-scroll-to-bottom--css-wjwxi-1n7m0yu\">\n<div class=\"flex flex-col pb-9 text-sm\">\n<div class=\"w-full text-token-text-primary\" data-testid=\"conversation-turn-21\">\n<div class=\"px-4 py-2 justify-center text-base md:gap-6 m-auto\">\n<div class=\"flex flex-1 text-base mx-auto gap-3 md:px-5 lg:px-1 xl:px-5 md:max-w-3xl lg:max-w-[40rem] xl:max-w-[48rem] group final-completion\">\n<div class=\"relative flex w-full flex-col lg:w-[calc(100%-115px)] agent-turn\">\n<div class=\"flex-col gap-1 md:gap-3\">\n<div class=\"flex flex-grow flex-col max-w-full\">\n<div class=\"min-h-[20px] text-message flex flex-col items-start gap-3 whitespace-pre-wrap break-words [.text-message+&amp;]:mt-5 overflow-x-auto\" data-message-author-role=\"assistant\" data-message-id=\"d786e799-434d-4ccc-a72c-dead6c44f2c7\">\n<div class=\"markdown prose w-full break-words dark:prose-invert light\">\n<div class=\"w-full text-token-text-primary\" data-testid=\"conversation-turn-30\">\n<div class=\"px-4 py-2 justify-center text-base md:gap-6 m-auto\">\n<div class=\"flex flex-1 text-base mx-auto gap-3 md:px-5 lg:px-1 xl:px-5 md:max-w-3xl lg:max-w-[40rem] xl:max-w-[48rem] group\">\n<div class=\"relative flex w-full flex-col lg:w-[calc(100%-115px)]\">\n<div class=\"flex-col gap-1 md:gap-3\">\n<div class=\"flex flex-grow flex-col max-w-full\">\n<div class=\"min-h-[20px] text-message flex flex-col items-start gap-3 whitespace-pre-wrap break-words [.text-message+&amp;]:mt-5 overflow-x-auto\" data-message-author-role=\"user\" data-message-id=\"aaa26f2d-4f2f-4869-8c96-7eb11a5f833a\">\n<div class=\"\">\n<h2>Azalea Makam Tak\u0131m\u0131<\/h2>\n<p>Azalea Makam Tak\u0131m\u0131, i\u015fyerinize \u00f6zel bir dokunu\u015f katarken. Ayn\u0131 zamanda \u00e7al\u0131\u015fanlar\u0131n\u0131za ve ziyaret\u00e7ilere unutulmaz bir deneyim sunuyor. Bu \u015f\u0131k ve konforlu tak\u0131m, uzun toplant\u0131lar ve \u00e7al\u0131\u015fma oturumlar\u0131 s\u0131ras\u0131nda maksimum konfor sa\u011flayan y\u00f6netici koltu\u011fu ile \u00f6ne \u00e7\u0131k\u0131yor. Ayarlanabilir \u00f6zellikleri, kullan\u0131c\u0131n\u0131n ihtiya\u00e7lar\u0131na m\u00fckemmel bir uyum sa\u011fl\u0131yor. Ayr\u0131ca, zarif misafir koltuklar\u0131 i\u015fyerinizi s\u0131cak ve davetkar bir atmosferle donat\u0131rken, sehpa, \u00e7al\u0131\u015fma masas\u0131 ve di\u011fer par\u00e7alar d\u00fczeni sa\u011flayarak verimlili\u011fi destekliyor.<\/p>\n<p>Ayr\u0131ca bu \u00f6zel makam tak\u0131m\u0131, i\u015fyerinizin prestijini art\u0131ran y\u00fcksek kalite ve etkileyici tasar\u0131m\u0131 ile \u00f6ne \u00e7\u0131k\u0131yor. Profesyonel bir atmosfer olu\u015fturur. \u0130\u015fyerinizin imaj\u0131n\u0131 g\u00fc\u00e7lendirir ve m\u00fc\u015fterileriniz ile i\u015f ortaklar\u0131n\u0131z \u00fczerinde olumlu bir izlenim b\u0131rak\u0131r.<\/p>\n<h4><strong>Azalea Makam Tak\u0131m\u0131&#8217;n\u0131n \u00d6ne \u00c7\u0131kanlar\u0131<\/strong><\/h4>\n<p><em><a href=\"https:\/\/ofistoptan.com\/?s=estetik\">Estetik<\/a> Zarafet ve Fonksiyonel Konfor:<\/em><\/p>\n<p>Azalea Makam Tak\u0131m\u0131, i\u015fyerinizin karakterine uygun bir atmosfer yaratman\u0131za imkan tan\u0131yan farkl\u0131 renk ve model se\u00e7enekleri sunar. Zarif tasar\u0131m\u0131 sadece g\u00f6rsel a\u00e7\u0131dan de\u011fil, ayn\u0131 zamanda i\u015flevselli\u011fiyle de i\u015fyerinize \u00f6zel bir hava kat\u0131yor.<\/p>\n<p><em>Kaliteli Malzeme ve Uzun \u00d6m\u00fcrl\u00fc Kullan\u0131m:<\/em><\/p>\n<p>Bu tak\u0131m, kullan\u0131lan kaliteli malzemelerle \u00f6ne \u00e7\u0131karak uzun \u00f6m\u00fcrl\u00fc ve sa\u011flam bir kullan\u0131m vaat ediyor. Di\u011fer yandan dayan\u0131kl\u0131l\u0131\u011f\u0131yla bilinen\u00a0 bu tak\u0131m. Ayn\u0131 zamanda yat\u0131r\u0131m\u0131n\u0131z\u0131n kar\u015f\u0131l\u0131\u011f\u0131n\u0131 uzun y\u0131llar boyunca sa\u011flar.<\/p>\n<p><em>\u0130\u015flevsellikte M\u00fckemmellik:<\/em><\/p>\n<p><a href=\"https:\/\/www.palmiyedekorasyon.com\/y%C3%B6netici-ofis-koltuklar%C4%B1-201?search=y%C3%B6netici\">Y\u00f6netici<\/a> koltu\u011fundan misafir koltuklar\u0131na hatta sehpadan \u00e7al\u0131\u015fma masas\u0131na kadar. her par\u00e7a, i\u015fyerinizin i\u015flevselli\u011fini art\u0131rarak g\u00fcnl\u00fck operasyonlara destek vermektedir.<\/p>\n<h4><strong>Makam Tak\u0131m\u0131n\u0131n Ek Avantajlar\u0131<\/strong><\/h4>\n<p><em>\u00c7e\u015fitli Ek Par\u00e7alar:<\/em><\/p>\n<p>Azalea Makam Tak\u0131m\u0131, i\u015fyerinizi tamamlayan \u00e7e\u015fitli ek par\u00e7alar sunar. Dosya dolaplar\u0131, kitap raflar\u0131 gibi \u00f6\u011felerle i\u015fyerinizin d\u00fczenini ve verimlili\u011fini art\u0131rabilirsiniz.<\/p>\n<p><em>H\u0131zl\u0131 ve Kolay Kurulum:<\/em><\/p>\n<p>Tak\u0131m\u0131n h\u0131zl\u0131 ve kolay kurulumu, i\u015flerinizi aksatmadan yeni bir atmosfer yaratman\u0131za olanak tan\u0131r. Profesyonel montaj ekibi ile i\u015f s\u00fcrecinizi h\u0131zland\u0131rabilirsiniz.<\/p>\n<p>Sonu\u00e7 olarak, bu Makam Tak\u0131m\u0131 estetik zarafeti, fonksiyonel konforu ve i\u015flevselli\u011fi bir araya getirir. Ayr\u0131ca i\u015fyerinizi \u00f6zel k\u0131lar. Farkl\u0131 renk ve model se\u00e7enekleri ile i\u015fyerinizin karakterine uygun bir atmosfer yaratma imkan\u0131 sunan bu tak\u0131m. Bunun yan\u0131 s\u0131ra kaliteli malzeme ve uzun \u00f6m\u00fcrl\u00fc kullan\u0131m\u0131yla da \u00f6ne \u00e7\u0131k\u0131yor. \u0130\u015fyerinizin prestijini art\u0131ran y\u00fcksek kalite ve etkileyici tasar\u0131mlar\u0131. Profesyonel bir atmosfer olu\u015fturarak m\u00fc\u015fterileriniz ve i\u015f ortaklar\u0131n\u0131z \u00fczerinde olumlu bir izlenim b\u0131rak\u0131yor.<\/p>\n<\/div>\n<\/div>\n<\/div>\n<\/div>\n<\/div>\n<\/div>\n<\/div>\n<\/div>\n<\/div>\n<\/div>\n<\/div>\n<\/div>\n<\/div>\n<\/div>\n<\/div>\n<\/div>\n<\/div>\n<\/div>\n<\/div>\n<\/div>\n","protected":false},"excerpt":{"rendered":"<p>Azalea Makam Tak\u0131m\u0131 Azalea Makam Tak\u0131m\u0131, i\u015fyerinize \u00f6zel bir dokunu\u015f katarken. Ayn\u0131 zamanda \u00e7al\u0131\u015fanlar\u0131n\u0131za ve ziyaret\u00e7ilere unutulmaz bir deneyim sunuyor. Bu \u015f\u0131k ve konforlu tak\u0131m, uzun toplant\u0131lar ve \u00e7al\u0131\u015fma oturumlar\u0131 s\u0131ras\u0131nda maksimum konfor sa\u011flayan y\u00f6netici koltu\u011fu ile \u00f6ne \u00e7\u0131k\u0131yor. Ayarlanabilir \u00f6zellikleri, kullan\u0131c\u0131n\u0131n ihtiya\u00e7lar\u0131na m\u00fckemmel bir uyum sa\u011fl\u0131yor. Ayr\u0131ca, zarif misafir koltuklar\u0131 i\u015fyerinizi s\u0131cak ve davetkar [&hellip;]<\/p>\n","protected":false},"featured_media":205,"comment_status":"open","ping_status":"closed","template":"","meta":{"_joinchat":[]},"product_cat":[38,35],"product_tag":[],"class_list":{"0":"post-201","1":"product","2":"type-product","3":"status-publish","4":"has-post-thumbnail","6":"product_cat-makam-takimlari","7":"product_cat-ofis-takimlari","9":"first","10":"instock","11":"shipping-taxable","12":"product-type-simple"},"yoast_head":"<!-- This site is optimized with the Yoast SEO plugin v22.5 - https:\/\/yoast.com\/wordpress\/plugins\/seo\/ -->\n<title>Azalea makam tak\u0131m\u0131<\/title>\n<meta name=\"description\" content=\"Azalea Makam Tak\u0131m\u0131, i\u015f yerinize konfor kat\u0131yor Ergonomik koltuklar ve \u015f\u0131k masa ile prestijinizi art\u0131r\u0131n. Farkl\u0131 renk ve modellerle herkesin tarz\u0131na uygun.\" \/>\n<meta name=\"robots\" content=\"index, follow, max-snippet:-1, max-image-preview:large, max-video-preview:-1\" \/>\n<link rel=\"canonical\" href=\"https:\/\/ofistoptan.com\/?product=azalea-makam-takimi\" \/>\n<meta property=\"og:locale\" content=\"tr_TR\" \/>\n<meta property=\"og:type\" content=\"article\" \/>\n<meta property=\"og:title\" content=\"Azalea makam tak\u0131m\u0131\" \/>\n<meta property=\"og:description\" content=\"Azalea Makam Tak\u0131m\u0131, i\u015f yerinize konfor kat\u0131yor Ergonomik koltuklar ve \u015f\u0131k masa ile prestijinizi art\u0131r\u0131n. Farkl\u0131 renk ve modellerle herkesin tarz\u0131na uygun.\" \/>\n<meta property=\"og:url\" content=\"https:\/\/ofistoptan.com\/?product=azalea-makam-takimi\" \/>\n<meta property=\"article:modified_time\" content=\"2024-03-02T06:23:09+00:00\" \/>\n<meta property=\"og:image\" content=\"https:\/\/ofistoptan.com\/wp-content\/uploads\/2024\/01\/azalea-makam-takimi.png\" \/>\n\t<meta property=\"og:image:width\" content=\"1600\" \/>\n\t<meta property=\"og:image:height\" content=\"765\" \/>\n\t<meta property=\"og:image:type\" content=\"image\/png\" \/>\n<meta name=\"twitter:card\" content=\"summary_large_image\" \/>\n<meta name=\"twitter:label1\" content=\"Tahmini okuma s\u00fcresi\" \/>\n\t<meta name=\"twitter:data1\" content=\"3 dakika\" \/>\n<script type=\"application\/ld+json\" class=\"yoast-schema-graph\">{\"@context\":\"https:\/\/schema.org\",\"@graph\":[{\"@type\":\"WebPage\",\"@id\":\"https:\/\/ofistoptan.com\/?product=azalea-makam-takimi\",\"url\":\"https:\/\/ofistoptan.com\/?product=azalea-makam-takimi\",\"name\":\"Azalea makam tak\u0131m\u0131\",\"isPartOf\":{\"@id\":\"https:\/\/ofistoptan.com\/#website\"},\"primaryImageOfPage\":{\"@id\":\"https:\/\/ofistoptan.com\/?product=azalea-makam-takimi#primaryimage\"},\"image\":{\"@id\":\"https:\/\/ofistoptan.com\/?product=azalea-makam-takimi#primaryimage\"},\"thumbnailUrl\":\"https:\/\/ofistoptan.com\/wp-content\/uploads\/2024\/01\/azalea-makam-takimi.png\",\"datePublished\":\"2024-01-03T13:52:32+00:00\",\"dateModified\":\"2024-03-02T06:23:09+00:00\",\"description\":\"Azalea Makam Tak\u0131m\u0131, i\u015f yerinize konfor kat\u0131yor Ergonomik koltuklar ve \u015f\u0131k masa ile prestijinizi art\u0131r\u0131n. Farkl\u0131 renk ve modellerle herkesin tarz\u0131na uygun.\",\"breadcrumb\":{\"@id\":\"https:\/\/ofistoptan.com\/?product=azalea-makam-takimi#breadcrumb\"},\"inLanguage\":\"tr\",\"potentialAction\":[{\"@type\":\"ReadAction\",\"target\":[\"https:\/\/ofistoptan.com\/?product=azalea-makam-takimi\"]}]},{\"@type\":\"ImageObject\",\"inLanguage\":\"tr\",\"@id\":\"https:\/\/ofistoptan.com\/?product=azalea-makam-takimi#primaryimage\",\"url\":\"https:\/\/ofistoptan.com\/wp-content\/uploads\/2024\/01\/azalea-makam-takimi.png\",\"contentUrl\":\"https:\/\/ofistoptan.com\/wp-content\/uploads\/2024\/01\/azalea-makam-takimi.png\",\"width\":1600,\"height\":765},{\"@type\":\"BreadcrumbList\",\"@id\":\"https:\/\/ofistoptan.com\/?product=azalea-makam-takimi#breadcrumb\",\"itemListElement\":[{\"@type\":\"ListItem\",\"position\":1,\"name\":\"Anasayfa\",\"item\":\"https:\/\/ofistoptan.com\/\"},{\"@type\":\"ListItem\",\"position\":2,\"name\":\"Ma\u011faza\",\"item\":\"https:\/\/ofistoptan.com\/?page_id=26\"},{\"@type\":\"ListItem\",\"position\":3,\"name\":\"Azalea Makam Tak\u0131m\u0131\"}]},{\"@type\":\"WebSite\",\"@id\":\"https:\/\/ofistoptan.com\/#website\",\"url\":\"https:\/\/ofistoptan.com\/\",\"name\":\"\",\"description\":\"\",\"potentialAction\":[{\"@type\":\"SearchAction\",\"target\":{\"@type\":\"EntryPoint\",\"urlTemplate\":\"https:\/\/ofistoptan.com\/?s={search_term_string}\"},\"query-input\":\"required name=search_term_string\"}],\"inLanguage\":\"tr\"}]}<\/script>\n<!-- \/ Yoast SEO plugin. -->","yoast_head_json":{"title":"Azalea makam tak\u0131m\u0131","description":"Azalea Makam Tak\u0131m\u0131, i\u015f yerinize konfor kat\u0131yor Ergonomik koltuklar ve \u015f\u0131k masa ile prestijinizi art\u0131r\u0131n. Farkl\u0131 renk ve modellerle herkesin tarz\u0131na uygun.","robots":{"index":"index","follow":"follow","max-snippet":"max-snippet:-1","max-image-preview":"max-image-preview:large","max-video-preview":"max-video-preview:-1"},"canonical":"https:\/\/ofistoptan.com\/?product=azalea-makam-takimi","og_locale":"tr_TR","og_type":"article","og_title":"Azalea makam tak\u0131m\u0131","og_description":"Azalea Makam Tak\u0131m\u0131, i\u015f yerinize konfor kat\u0131yor Ergonomik koltuklar ve \u015f\u0131k masa ile prestijinizi art\u0131r\u0131n. Farkl\u0131 renk ve modellerle herkesin tarz\u0131na uygun.","og_url":"https:\/\/ofistoptan.com\/?product=azalea-makam-takimi","article_modified_time":"2024-03-02T06:23:09+00:00","og_image":[{"width":1600,"height":765,"url":"https:\/\/ofistoptan.com\/wp-content\/uploads\/2024\/01\/azalea-makam-takimi.png","type":"image\/png"}],"twitter_card":"summary_large_image","twitter_misc":{"Tahmini okuma s\u00fcresi":"3 dakika"},"schema":{"@context":"https:\/\/schema.org","@graph":[{"@type":"WebPage","@id":"https:\/\/ofistoptan.com\/?product=azalea-makam-takimi","url":"https:\/\/ofistoptan.com\/?product=azalea-makam-takimi","name":"Azalea makam tak\u0131m\u0131","isPartOf":{"@id":"https:\/\/ofistoptan.com\/#website"},"primaryImageOfPage":{"@id":"https:\/\/ofistoptan.com\/?product=azalea-makam-takimi#primaryimage"},"image":{"@id":"https:\/\/ofistoptan.com\/?product=azalea-makam-takimi#primaryimage"},"thumbnailUrl":"https:\/\/ofistoptan.com\/wp-content\/uploads\/2024\/01\/azalea-makam-takimi.png","datePublished":"2024-01-03T13:52:32+00:00","dateModified":"2024-03-02T06:23:09+00:00","description":"Azalea Makam Tak\u0131m\u0131, i\u015f yerinize konfor kat\u0131yor Ergonomik koltuklar ve \u015f\u0131k masa ile prestijinizi art\u0131r\u0131n. Farkl\u0131 renk ve modellerle herkesin tarz\u0131na uygun.","breadcrumb":{"@id":"https:\/\/ofistoptan.com\/?product=azalea-makam-takimi#breadcrumb"},"inLanguage":"tr","potentialAction":[{"@type":"ReadAction","target":["https:\/\/ofistoptan.com\/?product=azalea-makam-takimi"]}]},{"@type":"ImageObject","inLanguage":"tr","@id":"https:\/\/ofistoptan.com\/?product=azalea-makam-takimi#primaryimage","url":"https:\/\/ofistoptan.com\/wp-content\/uploads\/2024\/01\/azalea-makam-takimi.png","contentUrl":"https:\/\/ofistoptan.com\/wp-content\/uploads\/2024\/01\/azalea-makam-takimi.png","width":1600,"height":765},{"@type":"BreadcrumbList","@id":"https:\/\/ofistoptan.com\/?product=azalea-makam-takimi#breadcrumb","itemListElement":[{"@type":"ListItem","position":1,"name":"Anasayfa","item":"https:\/\/ofistoptan.com\/"},{"@type":"ListItem","position":2,"name":"Ma\u011faza","item":"https:\/\/ofistoptan.com\/?page_id=26"},{"@type":"ListItem","position":3,"name":"Azalea Makam Tak\u0131m\u0131"}]},{"@type":"WebSite","@id":"https:\/\/ofistoptan.com\/#website","url":"https:\/\/ofistoptan.com\/","name":"","description":"","potentialAction":[{"@type":"SearchAction","target":{"@type":"EntryPoint","urlTemplate":"https:\/\/ofistoptan.com\/?s={search_term_string}"},"query-input":"required name=search_term_string"}],"inLanguage":"tr"}]}},"jetpack_sharing_enabled":true,"_links":{"self":[{"href":"https:\/\/ofistoptan.com\/index.php?rest_route=\/wp\/v2\/product\/201","targetHints":{"allow":["GET"]}}],"collection":[{"href":"https:\/\/ofistoptan.com\/index.php?rest_route=\/wp\/v2\/product"}],"about":[{"href":"https:\/\/ofistoptan.com\/index.php?rest_route=\/wp\/v2\/types\/product"}],"replies":[{"embeddable":true,"href":"https:\/\/ofistoptan.com\/index.php?rest_route=%2Fwp%2Fv2%2Fcomments&post=201"}],"wp:featuredmedia":[{"embeddable":true,"href":"https:\/\/ofistoptan.com\/index.php?rest_route=\/wp\/v2\/media\/205"}],"wp:attachment":[{"href":"https:\/\/ofistoptan.com\/index.php?rest_route=%2Fwp%2Fv2%2Fmedia&parent=201"}],"wp:term":[{"taxonomy":"product_cat","embeddable":true,"href":"https:\/\/ofistoptan.com\/index.php?rest_route=%2Fwp%2Fv2%2Fproduct_cat&post=201"},{"taxonomy":"product_tag","embeddable":true,"href":"https:\/\/ofistoptan.com\/index.php?rest_route=%2Fwp%2Fv2%2Fproduct_tag&post=201"}],"curies":[{"name":"wp","href":"https:\/\/api.w.org\/{rel}","templated":true}]}}