{"id":206,"date":"2024-01-04T08:32:50","date_gmt":"2024-01-04T05:32:50","guid":{"rendered":"https:\/\/ofistoptan.com\/?post_type=product&#038;p=206"},"modified":"2024-03-05T10:13:04","modified_gmt":"2024-03-05T07:13:04","slug":"zinnia-makam-takimlari","status":"publish","type":"product","link":"https:\/\/ofistoptan.com\/?product=zinnia-makam-takimlari","title":{"rendered":"Zinnia Makam Tak\u0131m\u0131"},"content":{"rendered":"<div class=\"flex-1 overflow-hidden\">\n<div class=\"react-scroll-to-bottom--css-sqeec-79elbk h-full\">\n<div class=\"react-scroll-to-bottom--css-sqeec-1n7m0yu\">\n<div class=\"flex flex-col pb-9 text-sm\">\n<div class=\"w-full text-token-text-primary\" data-testid=\"conversation-turn-13\">\n<div class=\"px-4 py-2 justify-center text-base md:gap-6 m-auto\">\n<div class=\"flex flex-1 text-base mx-auto gap-3 md:px-5 lg:px-1 xl:px-5 md:max-w-3xl lg:max-w-[40rem] xl:max-w-[48rem] group final-completion\">\n<div class=\"relative flex w-full flex-col lg:w-[calc(100%-115px)] agent-turn\">\n<div class=\"flex-col gap-1 md:gap-3\">\n<div class=\"flex flex-grow flex-col max-w-full\">\n<div class=\"min-h-[20px] text-message flex flex-col items-start gap-3 whitespace-pre-wrap break-words [.text-message+&amp;]:mt-5 overflow-x-auto\" data-message-author-role=\"assistant\" data-message-id=\"6a719a78-2a0a-494e-8832-67e77b14372e\">\n<div class=\"markdown prose w-full break-words dark:prose-invert light\">\n<p><strong>Zinnia Makam Tak\u0131mlar\u0131: Ge\u00e7i\u015fin Zarafeti ve \u0130nsans\u0131 S\u0131cakl\u0131k<\/strong><\/p>\n<p>G\u00fcn\u00fcm\u00fcz\u00fcn i\u015f yerleri, sadece i\u015f yapma alanlar\u0131 de\u011fil. Ayn\u0131 zamanda bir k\u00fclt\u00fcr ve atmosferi temsil etme d\u00fczeyinde \u00f6nemli bir rol oynamaktad\u0131r. Bu nedenle i\u015f yerinin tasar\u0131m\u0131 ve mobilya se\u00e7imleri. Sadece estetik de\u011fil, ayn\u0131 zamanda, insan dokunu\u015funu da kucaklamas\u0131 gerekir. Zinnia <a href=\"https:\/\/ofistoptan.com\/?product=azalea-makam-takimi\">Makam Tak\u0131mlar\u0131<\/a>, bu anlay\u0131\u015flarla yola \u00e7\u0131kabiliyor. Ofisleri sadece i\u015f alanlar\u0131ndan \u00e7\u0131kar\u0131yor, \u00e7al\u0131\u015fanlar\u0131n g\u00fcnl\u00fck ya\u015famlar\u0131nda keyif alabilmeleri i\u00e7in bir ortam haline getirmeyi hedefliyor.<\/p>\n<p>Zinnia&#8217;n\u0131n \u00f6zel tasar\u0131mlar\u0131, i\u015finizdeki ge\u00e7i\u015fleri yaln\u0131zca iki fiziksel nokta aras\u0131nda hareketten \u00f6teye ta\u015f\u0131r. Her Zinnia tak\u0131m\u0131, ge\u00e7i\u015fleri bir sanat eseri gibi \u00f6zelle\u015ftirir ve \u00e7al\u0131\u015fanlar\u0131na yerinde bir durma yapma f\u0131rsat\u0131 sunar.<\/p>\n<p>Zinnia&#8217;n\u0131n sundu\u011fu konfor, yaln\u0131zca ergonomik koltuklar ve ayarlanabilir masalarla s\u0131n\u0131rl\u0131 de\u011fildir. Ayn\u0131 zamanda fonksiyonel depolama \u00e7\u00f6z\u00fcmleri. \u00c7al\u0131\u015fanlar\u0131n i\u015f ortamlar\u0131 aras\u0131ndaki ge\u00e7i\u015fleri daha organize ve verimli bir hale getirmeyi sa\u011flar. Zinnia, i\u015f yerinizin sadece bir \u00e7al\u0131\u015fma alan\u0131n\u0131n kapsam\u0131n\u0131 muhafaza eder. Ve bu sayede \u00e7al\u0131\u015fanlar\u0131n\u0131z\u0131n daha etkili bir \u015fekilde ger\u00e7ekle\u015ftirmelerine yard\u0131mc\u0131 olur.<\/p>\n<p>Zinnia&#8217;n\u0131n \u00f6ne \u00e7\u0131kan \u00f6zelli\u011fi olan insans\u0131 dokunu\u015f, modern teknoloji ile harmanlanarak i\u015f yeriniz s\u0131cakl\u0131k. Samimiyet ve insanl\u0131\u011fa kavu\u015fur. \u00c7al\u0131\u015fanlar\u0131n\u0131z, sadece i\u015f yerine gidip gelmekle kalmaz. Bu insans\u0131 dokunu\u015f, i\u015f yerinizin parlakl\u0131\u011f\u0131n\u0131 olumlu bir \u015fekilde etkileyerek, \u00e7al\u0131\u015fanlar\u0131n motivasyonunu ve ba\u011fl\u0131l\u0131\u011f\u0131n\u0131 art\u0131r\u0131r.<\/p>\n<h4 data-sourcepos=\"17:1-17:304\">Sonu\u00e7 olarak, Zinnia Makam Tak\u0131mlar\u0131 sadece <a href=\"https:\/\/www.palmiyedekorasyon.com\/operasyonel-ofis-mobilya-tak%C4%B1m%C4%B1-03?search=ofis%20mo\">ofis mobilyalar\u0131<\/a> de\u011fil<\/h4>\n<p data-sourcepos=\"17:1-17:304\">ayn\u0131 zamanda bir i\u015f yerinin parlak bir sanat eseri olarak tasarland\u0131. Ofis k\u00fclt\u00fcr\u00fcn\u00fcn k\u0131smen sona ermesi, i\u015fyerlerinin yeniden tan\u0131mlanmas\u0131n\u0131 gerektiriyor. Zinnia ile i\u015f yerinizi daha anlaml\u0131, verimli ve s\u0131cak bir hale getirebilirsiniz.<\/p>\n<p data-sourcepos=\"3:1-3:204\">Zinnia&#8217;n\u0131n ki\u015fiye \u00f6zelle\u015ftirilebilirli\u011fi, i\u015fyerinizin ihtiya\u00e7lar\u0131n\u0131 ve tercihlerini tam olarak kar\u015f\u0131laman\u0131z\u0131 sa\u011fl\u0131yor. Bu sayede, i\u015fyerinizdeki her alan\u0131 verimli ve konforlu bir \u015fekilde kullanabilirsiniz.<\/p>\n<p data-sourcepos=\"5:1-5:231\">Ofisinizin b\u00fcy\u00fckl\u00fc\u011f\u00fcne ve \u00e7al\u0131\u015fanlar\u0131n\u0131z\u0131n say\u0131s\u0131na g\u00f6re masalar\u0131n boyutunu ve say\u0131s\u0131n\u0131 belirleyebilirsiniz. Ayr\u0131ca, \u00e7al\u0131\u015fanlar\u0131n\u0131z\u0131n tercihlerine g\u00f6re masalar\u0131n ve sandalyelerin renklerini ve malzemelerini se\u00e7ebilirsiniz.<\/p>\n<p data-sourcepos=\"7:1-7:182\">Zinnia&#8217;n\u0131n ki\u015fiye \u00f6zelle\u015ftirilebilirli\u011fi, i\u015fyerinizin benzersiz bir g\u00f6r\u00fcn\u00fcme sahip olmas\u0131n\u0131 da sa\u011flar. Bu sayede, i\u015fyerinizin marka kimli\u011fini yans\u0131tan bir tasar\u0131m olu\u015fturabilirsiniz.<\/p>\n<p data-sourcepos=\"21:1-21:184\">Zinnia&#8217;n\u0131n tasar\u0131m\u0131, i\u015fyerinizdeki ge\u00e7i\u015fleri daha anlaml\u0131 ve i\u015fbirli\u011fini daha verimli hale getiriyor. Bu y\u00fczden, \u00e7al\u0131\u015fanlar\u0131n\u0131z\u0131n i\u015fyerinde daha rahat ve mutlu hissetmeleri sa\u011flan\u0131yor.<\/p>\n<p data-sourcepos=\"23:1-23:118\">Gelece\u011fin ofisini Zinnia ile \u015fekillendirin ve \u00e7al\u0131\u015fanlar\u0131n\u0131z\u0131n i\u015fyerinde kendilerini daha iyi ve daha konforlu hissetmelerini sa\u011flay\u0131n.<\/p>\n<\/div>\n<\/div>\n<\/div>\n<\/div>\n<\/div>\n<\/div>\n<\/div>\n<\/div>\n<\/div>\n<\/div>\n<\/div>\n<\/div>\n","protected":false},"excerpt":{"rendered":"<p>Zinnia Makam Tak\u0131mlar\u0131: Ge\u00e7i\u015fin Zarafeti ve \u0130nsans\u0131 S\u0131cakl\u0131k G\u00fcn\u00fcm\u00fcz\u00fcn i\u015f yerleri, sadece i\u015f yapma alanlar\u0131 de\u011fil. Ayn\u0131 zamanda bir k\u00fclt\u00fcr ve atmosferi temsil etme d\u00fczeyinde \u00f6nemli bir rol oynamaktad\u0131r. Bu nedenle i\u015f yerinin tasar\u0131m\u0131 ve mobilya se\u00e7imleri. Sadece estetik de\u011fil, ayn\u0131 zamanda, insan dokunu\u015funu da kucaklamas\u0131 gerekir. Zinnia Makam Tak\u0131mlar\u0131, bu anlay\u0131\u015flarla yola \u00e7\u0131kabiliyor. Ofisleri [&hellip;]<\/p>\n","protected":false},"featured_media":213,"comment_status":"open","ping_status":"closed","template":"","meta":{"_joinchat":[]},"product_cat":[38,35],"product_tag":[52,53],"class_list":{"0":"post-206","1":"product","2":"type-product","3":"status-publish","4":"has-post-thumbnail","6":"product_cat-makam-takimlari","7":"product_cat-ofis-takimlari","8":"product_tag-ofis","9":"product_tag-ofis-takimi","11":"first","12":"instock","13":"shipping-taxable","14":"product-type-simple"},"yoast_head":"<!-- This site is optimized with the Yoast SEO plugin v22.5 - https:\/\/yoast.com\/wordpress\/plugins\/seo\/ -->\n<title>Zinnia makam tak\u0131mlar\u0131<\/title>\n<meta name=\"description\" content=\"Zinnia makam tak\u0131mlar\u0131 uzun \u00f6m\u00fcrl\u00fc ve dayan\u0131kl\u0131 malzemelerden \u00fcretilen, y\u0131llarca kullan\u0131m sa\u011flayacakt\u0131r. Farkl\u0131 renk se\u00e7enekleriyle her ofise uyum sa\u011flar.\" \/>\n<meta name=\"robots\" content=\"index, follow, max-snippet:-1, max-image-preview:large, max-video-preview:-1\" \/>\n<link rel=\"canonical\" href=\"https:\/\/ofistoptan.com\/?product=zinnia-makam-takimlari\" \/>\n<meta property=\"og:locale\" content=\"tr_TR\" \/>\n<meta property=\"og:type\" content=\"article\" \/>\n<meta property=\"og:title\" content=\"Zinnia makam tak\u0131mlar\u0131\" \/>\n<meta property=\"og:description\" content=\"Zinnia makam tak\u0131mlar\u0131 uzun \u00f6m\u00fcrl\u00fc ve dayan\u0131kl\u0131 malzemelerden \u00fcretilen, y\u0131llarca kullan\u0131m sa\u011flayacakt\u0131r. Farkl\u0131 renk se\u00e7enekleriyle her ofise uyum sa\u011flar.\" \/>\n<meta property=\"og:url\" content=\"https:\/\/ofistoptan.com\/?product=zinnia-makam-takimlari\" \/>\n<meta property=\"article:modified_time\" content=\"2024-03-05T07:13:04+00:00\" \/>\n<meta property=\"og:image\" content=\"https:\/\/ofistoptan.com\/wp-content\/uploads\/2024\/01\/tulip-makam-takimi2.png\" \/>\n\t<meta property=\"og:image:width\" content=\"1600\" \/>\n\t<meta property=\"og:image:height\" content=\"765\" \/>\n\t<meta property=\"og:image:type\" content=\"image\/png\" \/>\n<meta name=\"twitter:card\" content=\"summary_large_image\" \/>\n<meta name=\"twitter:label1\" content=\"Tahmini okuma s\u00fcresi\" \/>\n\t<meta name=\"twitter:data1\" content=\"3 dakika\" \/>\n<script type=\"application\/ld+json\" class=\"yoast-schema-graph\">{\"@context\":\"https:\/\/schema.org\",\"@graph\":[{\"@type\":\"WebPage\",\"@id\":\"https:\/\/ofistoptan.com\/?product=zinnia-makam-takimlari\",\"url\":\"https:\/\/ofistoptan.com\/?product=zinnia-makam-takimlari\",\"name\":\"Zinnia makam tak\u0131mlar\u0131\",\"isPartOf\":{\"@id\":\"https:\/\/ofistoptan.com\/#website\"},\"primaryImageOfPage\":{\"@id\":\"https:\/\/ofistoptan.com\/?product=zinnia-makam-takimlari#primaryimage\"},\"image\":{\"@id\":\"https:\/\/ofistoptan.com\/?product=zinnia-makam-takimlari#primaryimage\"},\"thumbnailUrl\":\"https:\/\/ofistoptan.com\/wp-content\/uploads\/2024\/01\/tulip-makam-takimi2.png\",\"datePublished\":\"2024-01-04T05:32:50+00:00\",\"dateModified\":\"2024-03-05T07:13:04+00:00\",\"description\":\"Zinnia makam tak\u0131mlar\u0131 uzun \u00f6m\u00fcrl\u00fc ve dayan\u0131kl\u0131 malzemelerden \u00fcretilen, y\u0131llarca kullan\u0131m sa\u011flayacakt\u0131r. Farkl\u0131 renk se\u00e7enekleriyle her ofise uyum sa\u011flar.\",\"breadcrumb\":{\"@id\":\"https:\/\/ofistoptan.com\/?product=zinnia-makam-takimlari#breadcrumb\"},\"inLanguage\":\"tr\",\"potentialAction\":[{\"@type\":\"ReadAction\",\"target\":[\"https:\/\/ofistoptan.com\/?product=zinnia-makam-takimlari\"]}]},{\"@type\":\"ImageObject\",\"inLanguage\":\"tr\",\"@id\":\"https:\/\/ofistoptan.com\/?product=zinnia-makam-takimlari#primaryimage\",\"url\":\"https:\/\/ofistoptan.com\/wp-content\/uploads\/2024\/01\/tulip-makam-takimi2.png\",\"contentUrl\":\"https:\/\/ofistoptan.com\/wp-content\/uploads\/2024\/01\/tulip-makam-takimi2.png\",\"width\":1600,\"height\":765},{\"@type\":\"BreadcrumbList\",\"@id\":\"https:\/\/ofistoptan.com\/?product=zinnia-makam-takimlari#breadcrumb\",\"itemListElement\":[{\"@type\":\"ListItem\",\"position\":1,\"name\":\"Anasayfa\",\"item\":\"https:\/\/ofistoptan.com\/\"},{\"@type\":\"ListItem\",\"position\":2,\"name\":\"Ma\u011faza\",\"item\":\"https:\/\/ofistoptan.com\/?page_id=26\"},{\"@type\":\"ListItem\",\"position\":3,\"name\":\"Zinnia Makam Tak\u0131m\u0131\"}]},{\"@type\":\"WebSite\",\"@id\":\"https:\/\/ofistoptan.com\/#website\",\"url\":\"https:\/\/ofistoptan.com\/\",\"name\":\"\",\"description\":\"\",\"potentialAction\":[{\"@type\":\"SearchAction\",\"target\":{\"@type\":\"EntryPoint\",\"urlTemplate\":\"https:\/\/ofistoptan.com\/?s={search_term_string}\"},\"query-input\":\"required name=search_term_string\"}],\"inLanguage\":\"tr\"}]}<\/script>\n<!-- \/ Yoast SEO plugin. -->","yoast_head_json":{"title":"Zinnia makam tak\u0131mlar\u0131","description":"Zinnia makam tak\u0131mlar\u0131 uzun \u00f6m\u00fcrl\u00fc ve dayan\u0131kl\u0131 malzemelerden \u00fcretilen, y\u0131llarca kullan\u0131m sa\u011flayacakt\u0131r. Farkl\u0131 renk se\u00e7enekleriyle her ofise uyum sa\u011flar.","robots":{"index":"index","follow":"follow","max-snippet":"max-snippet:-1","max-image-preview":"max-image-preview:large","max-video-preview":"max-video-preview:-1"},"canonical":"https:\/\/ofistoptan.com\/?product=zinnia-makam-takimlari","og_locale":"tr_TR","og_type":"article","og_title":"Zinnia makam tak\u0131mlar\u0131","og_description":"Zinnia makam tak\u0131mlar\u0131 uzun \u00f6m\u00fcrl\u00fc ve dayan\u0131kl\u0131 malzemelerden \u00fcretilen, y\u0131llarca kullan\u0131m sa\u011flayacakt\u0131r. Farkl\u0131 renk se\u00e7enekleriyle her ofise uyum sa\u011flar.","og_url":"https:\/\/ofistoptan.com\/?product=zinnia-makam-takimlari","article_modified_time":"2024-03-05T07:13:04+00:00","og_image":[{"width":1600,"height":765,"url":"https:\/\/ofistoptan.com\/wp-content\/uploads\/2024\/01\/tulip-makam-takimi2.png","type":"image\/png"}],"twitter_card":"summary_large_image","twitter_misc":{"Tahmini okuma s\u00fcresi":"3 dakika"},"schema":{"@context":"https:\/\/schema.org","@graph":[{"@type":"WebPage","@id":"https:\/\/ofistoptan.com\/?product=zinnia-makam-takimlari","url":"https:\/\/ofistoptan.com\/?product=zinnia-makam-takimlari","name":"Zinnia makam tak\u0131mlar\u0131","isPartOf":{"@id":"https:\/\/ofistoptan.com\/#website"},"primaryImageOfPage":{"@id":"https:\/\/ofistoptan.com\/?product=zinnia-makam-takimlari#primaryimage"},"image":{"@id":"https:\/\/ofistoptan.com\/?product=zinnia-makam-takimlari#primaryimage"},"thumbnailUrl":"https:\/\/ofistoptan.com\/wp-content\/uploads\/2024\/01\/tulip-makam-takimi2.png","datePublished":"2024-01-04T05:32:50+00:00","dateModified":"2024-03-05T07:13:04+00:00","description":"Zinnia makam tak\u0131mlar\u0131 uzun \u00f6m\u00fcrl\u00fc ve dayan\u0131kl\u0131 malzemelerden \u00fcretilen, y\u0131llarca kullan\u0131m sa\u011flayacakt\u0131r. Farkl\u0131 renk se\u00e7enekleriyle her ofise uyum sa\u011flar.","breadcrumb":{"@id":"https:\/\/ofistoptan.com\/?product=zinnia-makam-takimlari#breadcrumb"},"inLanguage":"tr","potentialAction":[{"@type":"ReadAction","target":["https:\/\/ofistoptan.com\/?product=zinnia-makam-takimlari"]}]},{"@type":"ImageObject","inLanguage":"tr","@id":"https:\/\/ofistoptan.com\/?product=zinnia-makam-takimlari#primaryimage","url":"https:\/\/ofistoptan.com\/wp-content\/uploads\/2024\/01\/tulip-makam-takimi2.png","contentUrl":"https:\/\/ofistoptan.com\/wp-content\/uploads\/2024\/01\/tulip-makam-takimi2.png","width":1600,"height":765},{"@type":"BreadcrumbList","@id":"https:\/\/ofistoptan.com\/?product=zinnia-makam-takimlari#breadcrumb","itemListElement":[{"@type":"ListItem","position":1,"name":"Anasayfa","item":"https:\/\/ofistoptan.com\/"},{"@type":"ListItem","position":2,"name":"Ma\u011faza","item":"https:\/\/ofistoptan.com\/?page_id=26"},{"@type":"ListItem","position":3,"name":"Zinnia Makam Tak\u0131m\u0131"}]},{"@type":"WebSite","@id":"https:\/\/ofistoptan.com\/#website","url":"https:\/\/ofistoptan.com\/","name":"","description":"","potentialAction":[{"@type":"SearchAction","target":{"@type":"EntryPoint","urlTemplate":"https:\/\/ofistoptan.com\/?s={search_term_string}"},"query-input":"required name=search_term_string"}],"inLanguage":"tr"}]}},"jetpack_sharing_enabled":true,"_links":{"self":[{"href":"https:\/\/ofistoptan.com\/index.php?rest_route=\/wp\/v2\/product\/206","targetHints":{"allow":["GET"]}}],"collection":[{"href":"https:\/\/ofistoptan.com\/index.php?rest_route=\/wp\/v2\/product"}],"about":[{"href":"https:\/\/ofistoptan.com\/index.php?rest_route=\/wp\/v2\/types\/product"}],"replies":[{"embeddable":true,"href":"https:\/\/ofistoptan.com\/index.php?rest_route=%2Fwp%2Fv2%2Fcomments&post=206"}],"wp:featuredmedia":[{"embeddable":true,"href":"https:\/\/ofistoptan.com\/index.php?rest_route=\/wp\/v2\/media\/213"}],"wp:attachment":[{"href":"https:\/\/ofistoptan.com\/index.php?rest_route=%2Fwp%2Fv2%2Fmedia&parent=206"}],"wp:term":[{"taxonomy":"product_cat","embeddable":true,"href":"https:\/\/ofistoptan.com\/index.php?rest_route=%2Fwp%2Fv2%2Fproduct_cat&post=206"},{"taxonomy":"product_tag","embeddable":true,"href":"https:\/\/ofistoptan.com\/index.php?rest_route=%2Fwp%2Fv2%2Fproduct_tag&post=206"}],"curies":[{"name":"wp","href":"https:\/\/api.w.org\/{rel}","templated":true}]}}